{"id":18866,"date":"2025-10-01T17:25:18","date_gmt":"2025-10-01T15:25:18","guid":{"rendered":"https:\/\/mygamebox.ch\/shop\/magcubic-projektor-android-11-4k-1280-720p-hy300-pro-dual-wifi-290-ansi-180-r-fuer-den-aussenbereich\/"},"modified":"2026-04-13T11:26:28","modified_gmt":"2026-04-13T09:26:28","slug":"magcubic-projektor-android-11-4k-1280-720p-hy300-pro-dual-wifi-290-ansi-180-r-fuer-den-aussenbereich","status":"publish","type":"product","link":"https:\/\/mygamebox.ch\/en\/shop\/magcubic-projektor-android-11-4k-1280-720p-hy300-pro-dual-wifi-290-ansi-180-r-fuer-den-aussenbereich\/","title":{"rendered":"Magcubic projector Android 11 4K 1280 * ..."},"content":{"rendered":"<h2>Premium Entertainment, Jederzeit und \u00dcberall<\/h2>\n<p>Der Magcubic Projektor Android 11 4K HY300 wurde gemacht, um Ihr Kinoerlebnis zu verbessern. Das gilt f\u00fcr drinnen und drau\u00dfen. Mit einer klaren 1280 x 720P HD-Aufl\u00f6sung und 4K-Unterst\u00fctzung bietet dieser Projektor scharfe Bilder. Er ist ideal f\u00fcr Filme, Sport, Pr\u00e4sentationen und Spiele. Dank seiner speziellen Funktionen f\u00fcr den Au\u00dfenbereich k\u00f6nnen Sie \u00fcberall Unterhaltung in hoher Qualit\u00e4t genie\u00dfen.<\/p>\n<h2>Optimale Leistung mit Android 11 und 4K Unterst\u00fctzung<\/h2>\n<p>Ausgestattet mit dem neuesten Android 11 Betriebssystem, macht der Magcubic Projektor HY300 die Bedienung intuitiv und reibungslos. Apps, Streaming-Dienste und Spiele laufen m\u00fchelos, sodass Ihre Unterhaltung genau dort weitergeht, wo Sie sie m\u00f6chten. Die 4K-Unterst\u00fctzung erm\u00f6glicht brillante Detailwiedergabe \u2013 perfekt f\u00fcr gestochen scharfe Bilder und lebendige Farben. Erleben Sie Ihre Lieblingsinhalte wie nie zuvor und genie\u00dfen Sie ein immersives visuelles Erlebnis. Das benutzerfreundliche Interface sorgt daf\u00fcr, dass die Steuerung mit nur wenigen Klicks erledigt ist.<\/p>\n<h2>Tragbar, Vielseitig und Ideal f\u00fcr Drau\u00dfen<\/h2>\n<p>Der Magcubic Projektor HY300 ist speziell f\u00fcr den Einsatz im Freien gemacht. Er \u00fcberzeugt durch seine robuste Bauweise und ist tragbar. Egal, ob Sie einen Filmabend im Freien planen. Oder ob Sie bei einer Grillparty beeindrucken m\u00f6chten. Dieser Projektor ist perfekt f\u00fcr Sie. Mit verschiedenen Anschlussm\u00f6glichkeiten, darunter HDMI, USB und kabelloses Streaming, passt er sich flexibel Ihren Bed\u00fcrfnissen an. Die 1280 x 720P HD-Basisaufl\u00f6sung bietet eine gute Balance zwischen Bildqualit\u00e4t und Energieeffizienz. So k\u00f6nnen Sie l\u00e4nger genie\u00dfen.<\/p>\n<h2>Warum den Magcubic Projektor HY300 w\u00e4hlen?<\/h2>\n<p>Der Magcubic Projektor Android 11 4K HY300 hebt sich durch Leistung, Qualit\u00e4t und Benutzerfreundlichkeit von anderen ab. Ob f\u00fcr Ausfl\u00fcge im Freien, Gesch\u00e4ftspr\u00e4sentationen oder Filmabende \u2013 dieser starke Projektor macht alles gut.\u00a0Erleben Sie die Zukunft der Projektionstechnologie und machen Sie jeden Moment zu etwas Besonderem.<\/p>","protected":false},"excerpt":{"rendered":"<p>Premium Entertainment, Jederzeit und \u00dcberall Der Magcubic Projektor Android 11 4K HY300 wurde gemacht, um Ihr Kinoerlebnis zu verbessern. Das gilt f\u00fcr drinnen und drau\u00dfen. Mit einer klaren 1280 x 720P HD-Aufl\u00f6sung und 4K-Unterst\u00fctzung bietet dieser Projektor scharfe Bilder. Er ist ideal f\u00fcr Filme, Sport, Pr\u00e4sentationen und Spiele. Dank seiner speziellen Funktionen f\u00fcr den Au\u00dfenbereich [&hellip;]<\/p>\n","protected":false},"featured_media":18867,"comment_status":"open","ping_status":"closed","template":"","meta":{"iawp_total_views":332},"product_brand":[283],"product_cat":[52],"product_tag":[1252,1253,1247,1251,1248,1250,1249,1255,1254],"class_list":{"0":"post-18866","1":"product","2":"type-product","3":"status-publish","4":"has-post-thumbnail","6":"product_brand-microsoft","7":"product_cat-gadgets-tech","8":"product_tag-4k-1280-720","9":"product_tag-android-11","10":"product_tag-beamer","11":"product_tag-bt5-0","12":"product_tag-flexibler-tragbarer-bt5-0-kinoprojekto","13":"product_tag-kinoprojekto","14":"product_tag-kinoprojektor-fuer-den-aussenbereich","15":"product_tag-magcubic","16":"product_tag-magcubic-projektor","18":"first","19":"instock","20":"shipping-taxable","21":"purchasable","22":"product-type-variable"},"_links":{"self":[{"href":"https:\/\/mygamebox.ch\/en\/wp-json\/wp\/v2\/product\/18866","targetHints":{"allow":["GET"]}}],"collection":[{"href":"https:\/\/mygamebox.ch\/en\/wp-json\/wp\/v2\/product"}],"about":[{"href":"https:\/\/mygamebox.ch\/en\/wp-json\/wp\/v2\/types\/product"}],"replies":[{"embeddable":true,"href":"https:\/\/mygamebox.ch\/en\/wp-json\/wp\/v2\/comments?post=18866"}],"wp:featuredmedia":[{"embeddable":true,"href":"https:\/\/mygamebox.ch\/en\/wp-json\/wp\/v2\/media\/18867"}],"wp:attachment":[{"href":"https:\/\/mygamebox.ch\/en\/wp-json\/wp\/v2\/media?parent=18866"}],"wp:term":[{"taxonomy":"product_brand","embeddable":true,"href":"https:\/\/mygamebox.ch\/en\/wp-json\/wp\/v2\/product_brand?post=18866"},{"taxonomy":"product_cat","embeddable":true,"href":"https:\/\/mygamebox.ch\/en\/wp-json\/wp\/v2\/product_cat?post=18866"},{"taxonomy":"product_tag","embeddable":true,"href":"https:\/\/mygamebox.ch\/en\/wp-json\/wp\/v2\/product_tag?post=18866"}],"curies":[{"name":"wp","href":"https:\/\/api.w.org\/{rel}","templated":true}]}}