{"id":23095,"date":"2026-04-12T13:08:37","date_gmt":"2026-04-12T11:08:37","guid":{"rendered":"https:\/\/mygamebox.ch\/shop\/handy-controller-fuer-iphone-android-steam-drahtloses-gamepad-mit-bluetooth\/"},"modified":"2026-04-13T11:23:41","modified_gmt":"2026-04-13T09:23:41","slug":"mobile-phone-controller-for-iphone-android-steam","status":"publish","type":"product","link":"https:\/\/mygamebox.ch\/en\/shop\/handy-kontroller-fuer-iphone-android-steam\/","title":{"rendered":"Mobile phone controller for iPhone\/Android\/Ste..."},"content":{"rendered":"<h2>Experience precision and mobility<\/h2>\n<p>Combine seamless performance with unrivalled convenience with our mobile phone controller for iPhone, Android and Steam. This wireless gamepad uses state-of-the-art Bluetooth technology to give you precise control for all your favourite games - wherever you play. Perfect for gamers who don't want to compromise on the go.<\/p>\n<h2>Universal compatibility<\/h2>\n<p>Thanks to its versatility, this gamepad is compatible with both iOS and Android devices. It also supports Steam, so you can easily switch between mobile devices and PC. The fast Bluetooth connection ensures a stable and responsive connection for a lag-free gaming experience.<\/p>\n<h2>Ergonomic design and long-lasting performance<\/h2>\n<p>The ergonomic design ensures hours of gaming fun without fatigue. The intuitive button layout and non-slip surface make it ideal for long gaming sessions. With an impressive battery life, you can count on reliable performance whether you're at home or on the go.<\/p>\n<p>Enrich your gaming experience with a gamepad that perfectly combines technology and convenience. Get your mobile phone controller today and take your gaming session to the next level!<\/p>","protected":false},"excerpt":{"rendered":"<p>Erleben Sie Pr\u00e4zision und Mobilit\u00e4t Mit unserem Handy Kontroller f\u00fcr iPhone, Android und Steam verbinden Sie nahtlose Leistung mit beispiellosem Komfort. Dieses drahtlose Gamepad nutzt modernste Bluetooth-Technologie, um Ihnen pr\u00e4zise Steuerung f\u00fcr all Ihre Lieblingsspiele zu bieten \u2013 egal, wo Sie spielen. Perfekt f\u00fcr Gamer, die unterwegs keine Kompromisse eingehen m\u00f6chten. Universelle Kompatibilit\u00e4t Dank seiner [&hellip;]<\/p>\n","protected":false},"featured_media":23096,"comment_status":"open","ping_status":"closed","template":"","meta":{"iawp_total_views":219},"product_brand":[284,285,283],"product_cat":[52,50],"product_tag":[445,1281,1415,1563,1564,1562],"class_list":{"0":"post-23095","1":"product","2":"type-product","3":"status-publish","4":"has-post-thumbnail","6":"product_brand-steam","7":"product_brand-android","8":"product_brand-microsoft","9":"product_cat-gadgets-tech","10":"product_cat-retro-zubehor","11":"product_tag-bluetooth","12":"product_tag-bluetooth-gamepad","13":"product_tag-bluetooth-spiel-controller","14":"product_tag-drahtloses-gamepa","15":"product_tag-handy-controller","16":"product_tag-iphone-android-steam","18":"first","19":"instock","20":"shipping-taxable","21":"purchasable","22":"product-type-variable"},"_links":{"self":[{"href":"https:\/\/mygamebox.ch\/en\/wp-json\/wp\/v2\/product\/23095","targetHints":{"allow":["GET"]}}],"collection":[{"href":"https:\/\/mygamebox.ch\/en\/wp-json\/wp\/v2\/product"}],"about":[{"href":"https:\/\/mygamebox.ch\/en\/wp-json\/wp\/v2\/types\/product"}],"replies":[{"embeddable":true,"href":"https:\/\/mygamebox.ch\/en\/wp-json\/wp\/v2\/comments?post=23095"}],"wp:featuredmedia":[{"embeddable":true,"href":"https:\/\/mygamebox.ch\/en\/wp-json\/wp\/v2\/media\/23096"}],"wp:attachment":[{"href":"https:\/\/mygamebox.ch\/en\/wp-json\/wp\/v2\/media?parent=23095"}],"wp:term":[{"taxonomy":"product_brand","embeddable":true,"href":"https:\/\/mygamebox.ch\/en\/wp-json\/wp\/v2\/product_brand?post=23095"},{"taxonomy":"product_cat","embeddable":true,"href":"https:\/\/mygamebox.ch\/en\/wp-json\/wp\/v2\/product_cat?post=23095"},{"taxonomy":"product_tag","embeddable":true,"href":"https:\/\/mygamebox.ch\/en\/wp-json\/wp\/v2\/product_tag?post=23095"}],"curies":[{"name":"wp","href":"https:\/\/api.w.org\/{rel}","templated":true}]}}