{"id":23868,"date":"2026-04-29T06:44:42","date_gmt":"2026-04-29T04:44:42","guid":{"rendered":"https:\/\/mygamebox.ch\/shop\/externe-usb-7-1-soundkarte-fuer-gaming-verbessert-audioeffekte-computern-laptops-und-mobilen-geraeten\/"},"modified":"2026-04-29T06:49:10","modified_gmt":"2026-04-29T04:49:10","slug":"externe-usb-7-1-soundkarte-fuer-gaming","status":"publish","type":"product","link":"https:\/\/mygamebox.ch\/en\/shop\/externe-usb-7-1-soundkarte-fuer-gaming\/","title":{"rendered":"Externe USB 7.1 Soundkarte f\u00fcr Gaming, ..."},"content":{"rendered":"<h2>Erleben Sie Gaming-Audio neu definiert<\/h2>\n<p>Die Externe USB 7.1 Soundkarte hebt Ihr Spielerlebnis auf ein v\u00f6llig neues Niveau. Entwickelt f\u00fcr Gamer und Audioliebhaber, l\u00e4sst diese Soundkarte beeindruckende 7.1 Surround-Sound-Effekte lebendig werden, damit Sie vollst\u00e4ndig in Ihre Spiele, Filme oder Musik eintauchen k\u00f6nnen. Erleben Sie klare, detailreiche Kl\u00e4nge, die jedes Ger\u00e4usch pr\u00e4zise nachbilden und Ihnen den entscheidenden Vorteil in jedem Spiel verschaffen.<\/p>\n<h2>Universelle Kompatibilit\u00e4t und einfache Einrichtung<\/h2>\n<p>Egal, ob Sie einen Desktop-Computer, Laptop oder sogar ein mobiles Ger\u00e4t verwenden \u2013 diese externe USB-Soundkarte sorgt f\u00fcr eine nahtlose Audioerweiterung. Dank Plug-and-Play-Technologie ist die Einrichtung ein Kinderspiel. Schlie\u00dfen Sie einfach die Soundkarte an, und genie\u00dfen Sie sofort hochwertigen Sound ohne komplizierte Treiberinstallationen. Das schlanke, portable Design macht sie zum idealen Begleiter f\u00fcr unterwegs.<\/p>\n<h2>Optimierte Audioleistung f\u00fcr jedes Ger\u00e4t<\/h2>\n<p>Mit modernster Audiotechnologie verbessert diese externe Soundkarte die Klangqualit\u00e4t unabh\u00e4ngig vom Originalger\u00e4t. Genie\u00dfen Sie atemberaubende Soundeffekte beim Gaming, kristallklaren Klang f\u00fcr Videokonferenzen oder verbesserten Sound f\u00fcr Video-Streaming und Musik. Dank ihrer Anpassungsf\u00e4higkeit ist sie perfekt f\u00fcr alle, die mehr aus ihrem Audio herausholen m\u00f6chten.<\/p>","protected":false},"excerpt":{"rendered":"<p>Erleben Sie Gaming-Audio neu definiert Die Externe USB 7.1 Soundkarte hebt Ihr Spielerlebnis auf ein v\u00f6llig neues Niveau. Entwickelt f\u00fcr Gamer und Audioliebhaber, l\u00e4sst diese Soundkarte beeindruckende 7.1 Surround-Sound-Effekte lebendig werden, damit Sie vollst\u00e4ndig in Ihre Spiele, Filme oder Musik eintauchen k\u00f6nnen. Erleben Sie klare, detailreiche Kl\u00e4nge, die jedes Ger\u00e4usch pr\u00e4zise nachbilden und Ihnen den [&hellip;]<\/p>\n","protected":false},"featured_media":23869,"comment_status":"open","ping_status":"closed","template":"","meta":{"iawp_total_views":18},"product_brand":[],"product_cat":[52],"product_tag":[1852,1853,1850,1854,1855,474,433,1851],"class_list":{"0":"post-23868","1":"product","2":"type-product","3":"status-publish","4":"has-post-thumbnail","6":"product_cat-gadgets-tech","7":"product_tag-7-1-soundkarte-fuer-gaming","8":"product_tag-computern","9":"product_tag-externe-usb-7-1-soundkarte","10":"product_tag-laptops","11":"product_tag-mobilen-geraete","12":"product_tag-retro","13":"product_tag-retro-gaming","14":"product_tag-verbessert-audioeffekte","16":"first","17":"instock","18":"shipping-taxable","19":"purchasable","20":"product-type-simple"},"_links":{"self":[{"href":"https:\/\/mygamebox.ch\/en\/wp-json\/wp\/v2\/product\/23868","targetHints":{"allow":["GET"]}}],"collection":[{"href":"https:\/\/mygamebox.ch\/en\/wp-json\/wp\/v2\/product"}],"about":[{"href":"https:\/\/mygamebox.ch\/en\/wp-json\/wp\/v2\/types\/product"}],"replies":[{"embeddable":true,"href":"https:\/\/mygamebox.ch\/en\/wp-json\/wp\/v2\/comments?post=23868"}],"wp:featuredmedia":[{"embeddable":true,"href":"https:\/\/mygamebox.ch\/en\/wp-json\/wp\/v2\/media\/23869"}],"wp:attachment":[{"href":"https:\/\/mygamebox.ch\/en\/wp-json\/wp\/v2\/media?parent=23868"}],"wp:term":[{"taxonomy":"product_brand","embeddable":true,"href":"https:\/\/mygamebox.ch\/en\/wp-json\/wp\/v2\/product_brand?post=23868"},{"taxonomy":"product_cat","embeddable":true,"href":"https:\/\/mygamebox.ch\/en\/wp-json\/wp\/v2\/product_cat?post=23868"},{"taxonomy":"product_tag","embeddable":true,"href":"https:\/\/mygamebox.ch\/en\/wp-json\/wp\/v2\/product_tag?post=23868"}],"curies":[{"name":"wp","href":"https:\/\/api.w.org\/{rel}","templated":true}]}}