{"id":5191,"date":"2025-05-16T19:07:00","date_gmt":"2025-05-16T17:07:00","guid":{"rendered":"https:\/\/mygamebox.ch\/shop\/anbernic-rg34xx-retro-handheld-spielekonsole-34-zoll-ips-linux-64-bit-3500-mah-video-gaming-player-unterstuetzt-das-streaming-von-wlan-und-bluetooth\/"},"modified":"2026-04-13T07:05:26","modified_gmt":"2026-04-13T05:05:26","slug":"anbernic-rg34xx-retro-handheld-spielekonsole-34-zoll-ips-linux-64-bit-3500-mah-video-gaming-player-unterstuetzt-das-streaming-von-wlan-und-bluetooth","status":"publish","type":"product","link":"https:\/\/mygamebox.ch\/en\/shop\/anbernic-rg34xx-retro-handheld-spielekonsole-34-zoll-ips-linux-64-bit-3500-mah-video-gaming-player-unterstuetzt-das-streaming-von-wlan-und-bluetooth\/","title":{"rendered":"ANBERNIC RG34XX Retro Handheld Gaming Co..."},"content":{"rendered":"<div class=\"product-specs-list-container\">\n<ul class=\"product-specs-list util-clearfix\">\n<li class=\"product-prop line-limit-length\"><span class=\"property-title\">Hign-betroffene Chemikalie:\u00a0<\/span><span class=\"property-desc line-limit-length\">keine<\/span><\/li>\n<li class=\"product-prop line-limit-length\"><span class=\"property-title\">Joysticks f\u00fcr RGB-Beleuchtung:\u00a0<\/span><span class=\"property-desc line-limit-length\">NEIN<\/span><\/li>\n<li class=\"product-prop line-limit-length\"><span class=\"property-title\">Hall-Effekt:\u00a0<\/span><span class=\"property-desc line-limit-length\">NEIN<\/span><\/li>\n<li class=\"product-prop line-limit-length\"><span class=\"property-title\">Motion-sensing technologie:\u00a0<\/span><span class=\"property-desc line-limit-length\">Handheld<\/span><\/li>\n<li class=\"product-prop line-limit-length\"><span class=\"property-title\">Spiele Typ:\u00a0<\/span><span class=\"property-desc line-limit-length\"><a title=\"handheld console\" href=\"https:\/\/mygamebox.ch\/product-tag\/handheld-console\/\" data-wpil-monitor-id=\"10\">Handheld Game Console<\/a><\/span><\/li>\n<li class=\"product-prop line-limit-length\"><span class=\"property-title\">Empfohlen alter:\u00a0<\/span><span class=\"property-desc line-limit-length\">12-65<\/span><\/li>\n<li class=\"product-prop line-limit-length\"><span class=\"property-title\">Material:\u00a0<\/span><span class=\"property-desc line-limit-length\">Kunststoff<\/span><\/li>\n<li class=\"product-prop line-limit-length\"><span class=\"property-title\">Breite [mm]:\u00a0<\/span><span class=\"property-desc line-limit-length\">24.8<\/span><\/li>\n<li class=\"product-prop line-limit-length\"><span class=\"property-title\">H\u00f6he [mm]:\u00a0<\/span><span class=\"property-desc line-limit-length\">18.8<\/span><\/li>\n<li class=\"product-prop line-limit-length\"><span class=\"property-title\">Tiefe [mm]:\u00a0<\/span><span class=\"property-desc line-limit-length\">81.8<\/span><\/li>\n<li class=\"product-prop line-limit-length\"><span class=\"property-title\">Erweiterbar lagerung:\u00a0<\/span><span class=\"property-desc line-limit-length\">512GB<\/span><\/li>\n<li class=\"product-prop line-limit-length\"><span class=\"property-title\">Batterie Kapazit\u00e4t [mAh]:\u00a0<\/span><span class=\"property-desc line-limit-length\">3500mAH<\/span><\/li>\n<li class=\"product-prop line-limit-length\"><span class=\"property-title\">Bluetooth-kompatibel:\u00a0<\/span><span class=\"property-desc line-limit-length\">YES<\/span><\/li>\n<li class=\"product-prop line-limit-length\"><span class=\"property-title\">Datenspeicherkapazit\u00e4t:\u00a0<\/span><span class=\"property-desc line-limit-length\">32GB<\/span><\/li>\n<li class=\"product-prop line-limit-length\"><span class=\"property-title\">Inklusive Spiele:\u00a0<\/span><span class=\"property-desc line-limit-length\">0-11000<\/span><\/li>\n<li class=\"product-prop line-limit-length\"><span class=\"property-title\">Kategorie:\u00a0<\/span><span class=\"property-desc line-limit-length\">Handheld Spiel Spieler<\/span><\/li>\n<li class=\"product-prop line-limit-length\"><span class=\"property-title\">Lade Interface Typ:\u00a0<\/span><span class=\"property-desc line-limit-length\">TYPE-C<\/span><\/li>\n<li class=\"product-prop line-limit-length\"><span class=\"property-title\">Schirm-Entschlie\u00dfung:\u00a0<\/span><span class=\"property-desc line-limit-length\">640&#215;480<\/span><\/li>\n<li class=\"product-prop line-limit-length\"><span class=\"property-title\">Schirm-Art:\u00a0<\/span><span class=\"property-desc line-limit-length\">IPS<\/span><\/li>\n<li class=\"product-prop line-limit-length\"><span class=\"property-title\">Betriebssystem:\u00a0<\/span><span class=\"property-desc line-limit-length\">Linux<\/span><\/li>\n<li class=\"product-prop line-limit-length\"><span class=\"property-title\">St\u00fctzensprache:\u00a0<\/span><span class=\"property-desc line-limit-length\">Japanisch,Deutsch,Spanisch,Portugiesisch,Russisch,english,Koreanisch,Vereinfachtes Chinesisch<\/span><\/li>\n<li class=\"product-prop line-limit-length\"><span class=\"property-title\">Paket:\u00a0<\/span><span class=\"property-desc line-limit-length\">Ja<\/span><\/li>\n<li class=\"product-prop line-limit-length\"><span class=\"property-title\">Kommunikation:\u00a0<\/span><span class=\"property-desc line-limit-length\">Wi-Fi<\/span><\/li>\n<li class=\"product-prop line-limit-length\"><span class=\"property-title\">Touch Screen:\u00a0<\/span><span class=\"property-desc line-limit-length\">Nein<\/span><\/li>\n<li class=\"product-prop line-limit-length\"><span class=\"property-title\">Farbbildschirm:\u00a0<\/span><span class=\"property-desc line-limit-length\">Ja<\/span><\/li>\n<li class=\"product-prop line-limit-length\"><span class=\"property-title\">Markenname:\u00a0<\/span><span class=\"property-desc line-limit-length\">Anbernic<\/span><\/li>\n<li class=\"product-prop line-limit-length\"><span class=\"property-title\">Ursprung:\u00a0<\/span><span class=\"property-desc line-limit-length\">CN (Herkunft)<\/span><\/li>\n<li class=\"product-prop line-limit-length\"><span class=\"property-title\">Bildschirmgr\u00f6\u00dfe:\u00a0<\/span><span class=\"property-desc line-limit-length\">3.4<\/span><\/li>\n<li class=\"product-prop line-limit-length\"><span class=\"property-title\">WIFI:\u00a0<\/span><span class=\"property-desc line-limit-length\">YES<\/span><\/li>\n<li class=\"product-prop line-limit-length\"><span class=\"property-title\">CPU:\u00a0<\/span><span class=\"property-desc line-limit-length\">H700 quad-core ARM Cortex-A53, 1.5GHz frequency<\/span><\/li>\n<li class=\"product-prop line-limit-length\"><span class=\"property-title\">GPU:\u00a0<\/span><span class=\"property-desc line-limit-length\">Dual-core G31 MP2<\/span><\/li>\n<li class=\"product-prop line-limit-length\"><span class=\"property-title\">RAM:\u00a0<\/span><span class=\"property-desc line-limit-length\">LPDDR4 1GB<\/span><\/li>\n<li class=\"product-prop line-limit-length\"><span class=\"property-title\">Storage:\u00a0<\/span><span class=\"property-desc line-limit-length\">32GB TF\/MicroSD<\/span><\/li>\n<li class=\"product-prop line-limit-length\"><span class=\"property-title\">Speaker:\u00a0<\/span><span class=\"property-desc line-limit-length\">High-fidelity speakers<\/span><\/li>\n<li class=\"product-prop line-limit-length\"><span class=\"property-title\">Battery:\u00a0<\/span><span class=\"property-desc line-limit-length\">Polymer lithium<\/span><\/li>\n<li class=\"product-prop line-limit-length\"><span class=\"property-title\">Charging:\u00a0<\/span><span class=\"property-desc line-limit-length\">5V\/1.5A, supports C2C charger<\/span><\/li>\n<\/ul>\n<\/div>\n<div>\n<h2>ANBERNIC RG34XX Retro-Handheld-Spielekonsole<\/h2>\n<p>Mit der ANBERNIC RG34XX Retro-Handheld-Spielekonsole erleben Sie die goldene \u00c4ra der Spiele. Dieses Ger\u00e4t ist perfekt f\u00fcr echte Fans. Dieses tragbare Ger\u00e4t verbindet Nostalgie mit moderner Technologie. Es bringt viele klassische Spiele direkt in Ihre Hand.<\/p>\n<p>Der RG34XX hat ein lebendiges Display. Es f\u00e4ngt jedes Detail genau ein. So bietet es ein beeindruckendes visuelles Erlebnis. So etwas hat man noch nie bei einem Retro-Handheld gesehen. Das ergonomische Design bietet Komfort bei langen Spielesessions. Die robuste Hardware sorgt f\u00fcr eine reibungslose Emulation vieler klassischer Spiele.<\/p>\n<ul>\n<li>Kompakter Formfaktor: Schlank und leicht, perfekt f\u00fcr Spiele unterwegs, ohne Kompromisse bei der Haltbarkeit einzugehen.<\/li>\n<li>Hochaufl\u00f6sender Bildschirm: Gestochen scharfes und farbenfrohes Display, das klassische Spiele mit moderner Klarheit und Brillanz wiedergibt.<\/li>\n<li>Breite Kompatibilit\u00e4t: Unterst\u00fctzt viele Retro-Gaming-Systeme. So gibt es unendliche M\u00f6glichkeiten, von Arcade-Klassikern bis zu beliebten Heimkonsolen.<\/li>\n<li>Reaktionsschnelle Steuerung: Pr\u00e4zisionsgefertigte Tasten und D-Pad f\u00fcr authentisches Gameplay und verbessertes Benutzererlebnis.<\/li>\n<li>Lange Akkulaufzeit: Entwickelt, um den Spielspa\u00df dank effizienter Energieverwaltung l\u00e4nger aufrechtzuerhalten.<\/li>\n<li>Erweiterbarer Speicher: F\u00fcgen Sie einfach Ihre Sammlung hinzu. So k\u00f6nnen Sie bei Bedarf auf Ihre Favoriten zugreifen.<\/li>\n<\/ul>\n<p>Egal, ob Sie ein erfahrener Gamer sind oder ein neuer Spieler, das ANBERNIC RG34XX ist f\u00fcr Sie. Es l\u00e4dt Sie ein, alte Erinnerungen aufleben zu lassen oder neue zu schaffen. Lassen Sie sich von der Mischung aus Retro-Charme und neuer Technologie begeistern. Nehmen Sie eine ganze Spielhalle voller Freude mit, wohin Sie auch gehen.<\/p>\n<\/div>\n","protected":false},"excerpt":{"rendered":"<p>Die ANBERNIC RG34XX Retro-Handheld-Gaming-Konsole kombiniert klassische Spiele-Nostalgie mit moderner Technologie in einem kompakten, tragbaren Design. Mit einem lebendigen Display, robuster Rechenleistung und umfangreicher Emulator-Unterst\u00fctzung bietet sie fl\u00fcssiges Gameplay f\u00fcr eine Vielzahl von Retro-Titeln. Das ergonomische Layout und die lange Akkulaufzeit erh\u00f6hen den Benutzerkomfort bei l\u00e4ngeren Sessions, w\u00e4hrend die vielseitigen Anschlussm\u00f6glichkeiten und der erweiterbare Speicher f\u00fcr ein anpassbares, zukunftssicheres Spielerlebnis sorgen. Ideal f\u00fcr Retro-Enthusiasten, die ein leistungsstarkes und dennoch praktisches Handheld-Ger\u00e4t suchen.<\/p>","protected":false},"featured_media":5194,"comment_status":"open","ping_status":"closed","template":"","meta":{"iawp_total_views":156},"product_brand":[],"product_cat":[49],"product_tag":[449,466,455,445,463,444,441,465,471,462,458,288,467,459,457,464,470,468,433,439,456,448,460,469,447,461,446],"class_list":{"0":"post-5191","1":"product","2":"type-product","3":"status-publish","4":"has-post-thumbnail","6":"product_cat-retro-konsolen","7":"product_tag-anbernic","8":"product_tag-anbernic-handheld","9":"product_tag-anbernic-rg34xx","10":"product_tag-bluetooth","11":"product_tag-classic-games-handheld","12":"product_tag-compact-gaming-console","13":"product_tag-gaming-nostalgia","14":"product_tag-gaming-on-the-go","15":"product_tag-handheld-device-for-retro-games","16":"product_tag-handheld-emulator","17":"product_tag-handheld-game-console","18":"product_tag-handheld-konsole","19":"product_tag-handheld-retro-gamer","20":"product_tag-pocket-game-console","21":"product_tag-portable-gaming-device","22":"product_tag-portable-retro-games","23":"product_tag-retro-game-collection","24":"product_tag-retro-game-player","25":"product_tag-retro-gaming","26":"product_tag-retro-handheld","27":"product_tag-retro-handheld-console","28":"product_tag-retro-handheld-spielekonsole","29":"product_tag-rg34xx-gaming","30":"product_tag-rg34xx-review","31":"product_tag-video-gaming-player","32":"product_tag-vintage-video-games","33":"product_tag-wlan","35":"first","36":"instock","37":"featured","38":"shipping-taxable","39":"purchasable","40":"product-type-variable"},"_links":{"self":[{"href":"https:\/\/mygamebox.ch\/en\/wp-json\/wp\/v2\/product\/5191","targetHints":{"allow":["GET"]}}],"collection":[{"href":"https:\/\/mygamebox.ch\/en\/wp-json\/wp\/v2\/product"}],"about":[{"href":"https:\/\/mygamebox.ch\/en\/wp-json\/wp\/v2\/types\/product"}],"replies":[{"embeddable":true,"href":"https:\/\/mygamebox.ch\/en\/wp-json\/wp\/v2\/comments?post=5191"}],"wp:featuredmedia":[{"embeddable":true,"href":"https:\/\/mygamebox.ch\/en\/wp-json\/wp\/v2\/media\/5194"}],"wp:attachment":[{"href":"https:\/\/mygamebox.ch\/en\/wp-json\/wp\/v2\/media?parent=5191"}],"wp:term":[{"taxonomy":"product_brand","embeddable":true,"href":"https:\/\/mygamebox.ch\/en\/wp-json\/wp\/v2\/product_brand?post=5191"},{"taxonomy":"product_cat","embeddable":true,"href":"https:\/\/mygamebox.ch\/en\/wp-json\/wp\/v2\/product_cat?post=5191"},{"taxonomy":"product_tag","embeddable":true,"href":"https:\/\/mygamebox.ch\/en\/wp-json\/wp\/v2\/product_tag?post=5191"}],"curies":[{"name":"wp","href":"https:\/\/api.w.org\/{rel}","templated":true}]}}