{"id":6036,"date":"2025-05-30T05:34:37","date_gmt":"2025-05-30T03:34:37","guid":{"rendered":"https:\/\/mygamebox.ch\/shop\/batocera-tf-spielkarte-fuer-steam-deck-windows-pc-mac-fuer-ps3-ps2-ss-ps1-psp-dc-mame-ueber-70-emulatoren-51400-spiele\/"},"modified":"2026-04-13T11:24:59","modified_gmt":"2026-04-13T09:24:59","slug":"batocera-tf-spielkarte-fuer-steam-deck-windows-pc-mac-fuer-ps3-ps2-ss-ps1-psp-dc-mame-ueber-70-emulatoren-51400-spiele","status":"publish","type":"product","link":"https:\/\/mygamebox.ch\/en\/shop\/batocera-tf-spielkarte-fuer-steam-deck-windows-pc-mac-fuer-ps3-ps2-ss-ps1-psp-dc-mame-ueber-70-emulatoren-51400-spiele\/","title":{"rendered":"Batocera TF\/game card for Steam Deck\/W..."},"content":{"rendered":"<h2>Bringen Sie Nostalgie zur\u00fcck mit der Batocera TF\/Spielkarte<\/h2>\n<p>Erleben Sie mit der Batocera TF\/Spielkarte die faszinierende Welt der Retro-Spiele wie nie zuvor. Diese neue Karte \u00f6ffnet die T\u00fcr zu \u00fcber 70 Emulatoren. Sie bietet Zugang zu mehr als 51.400 Spielen. Egal, ob Sie klassische PS3-, PS2- oder PSP-Spiele m\u00f6gen, die Batocera TF\/Spielkarte erf\u00fcllt Ihre W\u00fcnsche. Sie bringt die Erinnerungen an die guten alten Zeiten zur\u00fcck.<\/p>\n<h2>Optimale Kompatibilit\u00e4t und einfache Installation<\/h2>\n<p>Mit der Batocera TF\/Spielkarte k\u00f6nnen Sie sicher sein, die besten <a href=\"https:\/\/mygamebox.ch\/en\/product-tag\/spiele-konsole\/\" title=\"Spiele Konsole\"  data-wpil-monitor-id=\"164\">Spiele aus verschiedenen Konsolen<\/a> zu genie\u00dfen. Die Karte passt nicht nur zur PS3. Sie funktioniert auch mit vielen anderen Ger\u00e4ten. Das macht sie zu einer flexiblen L\u00f6sung f\u00fcr Retro-Gaming-Fans. Die Installation ist kinderleicht, sodass Sie im Handumdrehen in die <a href=\"https:\/\/mygamebox.ch\/en\/die-nostalgische-welt-der-retro-spiele-eine-reise-in-die-vergangenheit\/\" title=\"The nostalgic world of retro games: ...\"  data-wpil-monitor-id=\"165\">Welt der Retro-Spiele<\/a> eintauchen k\u00f6nnen. Schlie\u00dfen Sie einfach Ihre Konsole an, laden Sie die Karte auf, und schon kann das Abenteuer beginnen!<\/p>\n<h2>Eine umfangreiche Spielesammlung f\u00fcr alle<\/h2>\n<p>Die beeindruckenden 51.400 Spiele, die mit der Batocera TF\/Spielkarte verf\u00fcgbar sind, bieten Ihnen eine \u00fcberw\u00e4ltigende Auswahl. Von Abenteuerspielen \u00fcber R\u00e4tsel bis hin zu Plattform-Klassikern ist f\u00fcr jeden etwas dabei. Genie\u00dfen Sie stundenlangen Spielspa\u00df allein oder mit Freunden. Nutzen Sie diese Chance, um einige der besten Spiele der Vergangenheit wiederzuentdecken. Oder entdecken Sie neue Spiele, die Sie vielleicht verpasst haben.<\/p>\n<p>Die Batocera TF\/Spielkarte ist mehr als ein Produkt. Sie \u00f6ffnet die T\u00fcr zu vielen Erinnerungen und neuen Spielen. Z\u00f6gern Sie nicht mehr. Erinnern Sie sich an die tollen Tage des Gamings. Nutzen Sie moderne Technik, um alte Klassiker zu erleben.\u00a0Ihre n\u00e4chste Gaming-Reise beginnt hier!<\/p>","protected":false},"excerpt":{"rendered":"<p>Bringen Sie Nostalgie zur\u00fcck mit der Batocera TF\/Spielkarte Erleben Sie mit der Batocera TF\/Spielkarte die faszinierende Welt der Retro-Spiele wie nie zuvor. Diese neue Karte \u00f6ffnet die T\u00fcr zu \u00fcber 70 Emulatoren. Sie bietet Zugang zu mehr als 51.400 Spielen. Egal, ob Sie klassische PS3-, PS2- oder PSP-Spiele m\u00f6gen, die Batocera TF\/Spielkarte erf\u00fcllt Ihre W\u00fcnsche. [&hellip;]<\/p>\n","protected":false},"featured_media":6037,"comment_status":"open","ping_status":"closed","template":"","meta":{"iawp_total_views":291},"product_brand":[],"product_cat":[173],"product_tag":[935,940,930,929,936,931,933,934,898,891,932,938,939,937],"class_list":{"0":"post-6036","1":"product","2":"type-product","3":"status-publish","4":"has-post-thumbnail","6":"product_cat-retro-games","7":"product_tag-51400-spiele","8":"product_tag-batocera","9":"product_tag-dc","10":"product_tag-mame","11":"product_tag-pc-mac","12":"product_tag-ps1","13":"product_tag-ps2","14":"product_tag-ps3","15":"product_tag-psp","16":"product_tag-spielkarte","17":"product_tag-ss","18":"product_tag-steam-deck","19":"product_tag-tf-spielkarte","20":"product_tag-windows","22":"first","23":"outofstock","24":"shipping-taxable","25":"purchasable","26":"product-type-variable"},"_links":{"self":[{"href":"https:\/\/mygamebox.ch\/en\/wp-json\/wp\/v2\/product\/6036","targetHints":{"allow":["GET"]}}],"collection":[{"href":"https:\/\/mygamebox.ch\/en\/wp-json\/wp\/v2\/product"}],"about":[{"href":"https:\/\/mygamebox.ch\/en\/wp-json\/wp\/v2\/types\/product"}],"replies":[{"embeddable":true,"href":"https:\/\/mygamebox.ch\/en\/wp-json\/wp\/v2\/comments?post=6036"}],"wp:featuredmedia":[{"embeddable":true,"href":"https:\/\/mygamebox.ch\/en\/wp-json\/wp\/v2\/media\/6037"}],"wp:attachment":[{"href":"https:\/\/mygamebox.ch\/en\/wp-json\/wp\/v2\/media?parent=6036"}],"wp:term":[{"taxonomy":"product_brand","embeddable":true,"href":"https:\/\/mygamebox.ch\/en\/wp-json\/wp\/v2\/product_brand?post=6036"},{"taxonomy":"product_cat","embeddable":true,"href":"https:\/\/mygamebox.ch\/en\/wp-json\/wp\/v2\/product_cat?post=6036"},{"taxonomy":"product_tag","embeddable":true,"href":"https:\/\/mygamebox.ch\/en\/wp-json\/wp\/v2\/product_tag?post=6036"}],"curies":[{"name":"wp","href":"https:\/\/api.w.org\/{rel}","templated":true}]}}