{"id":6307,"date":"2025-06-04T22:44:16","date_gmt":"2025-06-04T20:44:16","guid":{"rendered":"https:\/\/mygamebox.ch\/shop\/spielkarte-fuer-trimui-smart-pro-spielkonsole-tf-karte-30000-spiele-50-emulatoren-fuer-psp-ps1-mame-ss-memory-game-card-fuer-trimui\/"},"modified":"2026-04-08T21:58:37","modified_gmt":"2026-04-08T19:58:37","slug":"spielkarte-fuer-trimui-smart-pro-spielkonsole-tf-karte-30000-spiele-50-emulatoren-fuer-psp-ps1-mame-ss-memory-game-card-fuer-trimui","status":"publish","type":"product","link":"https:\/\/mygamebox.ch\/en\/shop\/spielkarte-fuer-trimui-smart-pro-spielkonsole-tf-karte-30000-spiele-50-emulatoren-fuer-psp-ps1-mame-ss-memory-game-card-fuer-trimui\/","title":{"rendered":"Playing card for Trimui Smart Pro game co..."},"content":{"rendered":"<h2>Entfesseln Sie den Spielspa\u00df<\/h2>\n<p>Holen Sie sich die ultimative TF-Karte f\u00fcr die Trimui Smart Pro und tauchen Sie ein in eine Welt voller spannender Spiele! Diese spezielle Karte enth\u00e4lt \u00fcber 30.000 Spiele, die darauf warten, von Ihnen entdeckt zu werden. Egal, ob Sie ein Fan von Action, Abenteuer oder Puzzle-Spielen sind, diese Sammlung bietet f\u00fcr jeden etwas. Vergessen Sie stundenlanges Suchen nach neuen Spielen \u2013 alles, was Sie brauchen, ist jetzt auf dieser praktischen TF-Karte. Genie\u00dfen Sie ununterbrochenen Spielspa\u00df, wann immer Sie m\u00f6chten!<\/p>\n<h2>Un\u00fcbertroffene Kompatibilit\u00e4t<\/h2>\n<p>Die TF-Karte f\u00fcr die Trimui Smart Pro unterst\u00fctzt mehr als 50 Emulatoren, sodass Sie <a href=\"https:\/\/mygamebox.ch\/en\/shop\/nintendo-gba-game-doom\/\" title=\"Nintendo GBA game Doom series 32-bit vide...\"  data-wpil-monitor-id=\"171\">Klassiker und aktuelle Spiele<\/a> aus verschiedenen Plattformen spielen k\u00f6nnen. Diese Vielseitigkeit macht sie zur idealen Wahl f\u00fcr Retro-Gamer und Neulinge gleicherma\u00dfen. Ganz gleich, ob Sie die Nostalgie der alten <a href=\"https:\/\/mygamebox.ch\/en\/shop\/4-in-1-retro-arcade-station-fighting-stick\/\" title=\"4-in-1 Retro Arcade Joystick Controller ...\"  data-wpil-monitor-id=\"173\">Spielekonsole erleben oder die neuesten Indie-Titel spielen<\/a> m\u00f6chten, dank der umfassenden Emulatorunterst\u00fctzung sind Ihrer Spielesammlung keine Grenzen gesetzt.<\/p>\n<h2>Einfach zu bedienen und zu installieren<\/h2>\n<p>Die Installation der TF-Karte in Ihrer Trimui Smart Pro ist kinderleicht! Einfach einsetzen und schon kann das Gaming-Abenteuer beginnen. Die benutzerfreundliche Oberfl\u00e4che und die optimierten Einstellungen sorgen daf\u00fcr, dass Sie sofort loslegen k\u00f6nnen, ohne sich mit komplizierten Installationsprozessen herumschlagen zu m\u00fcssen. Packen Sie Ihre <a href=\"https:\/\/mygamebox.ch\/en\/product-tag\/spielesammlung-konsole\/\" title=\"Spielesammlung Konsole\"  data-wpil-monitor-id=\"172\">Konsole und nehmen Sie Ihre Spielesammlung<\/a> \u00fcberallhin mit!<\/p>\n<p>Investieren Sie in die TF-Karte mit Games f\u00fcr die Trimui Smart Pro und bringen Sie neue Dimensionen in Ihr Gaming-Erlebnis. Sie verdienen die beste Unterhaltung, und mit \u00fcber 30.000 Spielen und breit gef\u00e4cherter Emulatoren-Unterst\u00fctzung ist diese TF-Karte der Schl\u00fcssel dazu. Sichern Sie sich noch heute Ihre <a href=\"https:\/\/mygamebox.ch\/en\/shop\/2000-in-1-spielkassette-flash-karte-fuer-gbc-gbp-gba-nintendo\/\" title=\"2000 in 1 Spielkassette-Flash-Karte f\u00fcr...\"  data-wpil-monitor-id=\"174\">Karte und erleben Sie Gaming<\/a> wie nie zuvor!<\/p>","protected":false},"excerpt":{"rendered":"<p>Entfesseln Sie den Spielspa\u00df Holen Sie sich die ultimative TF-Karte f\u00fcr die Trimui Smart Pro und tauchen Sie ein in eine Welt voller spannender Spiele! Diese spezielle Karte enth\u00e4lt \u00fcber 30.000 Spiele, die darauf warten, von Ihnen entdeckt zu werden. Egal, ob Sie ein Fan von Action, Abenteuer oder Puzzle-Spielen sind, diese Sammlung bietet f\u00fcr [&hellip;]<\/p>\n","protected":false},"featured_media":6308,"comment_status":"open","ping_status":"closed","template":"","meta":{"iawp_total_views":329},"product_brand":[],"product_cat":[52,173],"product_tag":[994,993,988,929,995,931,529,898,530,987,891,989,990,986,992,991],"class_list":{"0":"post-6307","1":"product","2":"type-product","3":"status-publish","4":"has-post-thumbnail","6":"product_cat-gadgets-tech","7":"product_cat-retro-games","8":"product_tag-30000-spiele","9":"product_tag-50-emulatoren","10":"product_tag-game-card","11":"product_tag-mame","12":"product_tag-memory-game-card-fuer-trimui","13":"product_tag-ps1","14":"product_tag-ps1-emulator","15":"product_tag-psp","16":"product_tag-psp-emulator","17":"product_tag-psp-ps1-mame-ss","18":"product_tag-spielkarte","19":"product_tag-spielkarte-fuer-trimui","20":"product_tag-spielkonsole-tf-karte","21":"product_tag-tf-karte","22":"product_tag-trimui","23":"product_tag-trimui-smart-pro","25":"first","26":"instock","27":"shipping-taxable","28":"purchasable","29":"product-type-variable"},"_links":{"self":[{"href":"https:\/\/mygamebox.ch\/en\/wp-json\/wp\/v2\/product\/6307","targetHints":{"allow":["GET"]}}],"collection":[{"href":"https:\/\/mygamebox.ch\/en\/wp-json\/wp\/v2\/product"}],"about":[{"href":"https:\/\/mygamebox.ch\/en\/wp-json\/wp\/v2\/types\/product"}],"replies":[{"embeddable":true,"href":"https:\/\/mygamebox.ch\/en\/wp-json\/wp\/v2\/comments?post=6307"}],"wp:featuredmedia":[{"embeddable":true,"href":"https:\/\/mygamebox.ch\/en\/wp-json\/wp\/v2\/media\/6308"}],"wp:attachment":[{"href":"https:\/\/mygamebox.ch\/en\/wp-json\/wp\/v2\/media?parent=6307"}],"wp:term":[{"taxonomy":"product_brand","embeddable":true,"href":"https:\/\/mygamebox.ch\/en\/wp-json\/wp\/v2\/product_brand?post=6307"},{"taxonomy":"product_cat","embeddable":true,"href":"https:\/\/mygamebox.ch\/en\/wp-json\/wp\/v2\/product_cat?post=6307"},{"taxonomy":"product_tag","embeddable":true,"href":"https:\/\/mygamebox.ch\/en\/wp-json\/wp\/v2\/product_tag?post=6307"}],"curies":[{"name":"wp","href":"https:\/\/api.w.org\/{rel}","templated":true}]}}