{"id":3127,"date":"2024-02-08T07:14:59","date_gmt":"2024-02-08T07:14:59","guid":{"rendered":"https:\/\/startersites.io\/elementor\/garderobe\/?page_id=3127"},"modified":"2025-05-15T20:59:59","modified_gmt":"2025-05-15T18:59:59","slug":"ueber-uns","status":"publish","type":"page","link":"https:\/\/mygamebox.ch\/fr\/ueber-uns\/","title":{"rendered":"\u00c0 propos de nous"},"content":{"rendered":"<div data-elementor-type=\"wp-page\" data-elementor-id=\"3127\" class=\"elementor elementor-3127\" data-elementor-post-type=\"page\">\n\t\t\t\t<div data-particle_enable=\"false\" data-particle-mobile-disabled=\"false\" class=\"elementor-element elementor-element-9afc2c3 e-flex e-con-boxed e-con e-parent\" data-id=\"9afc2c3\" data-element_type=\"container\" data-e-type=\"container\" data-settings=\"{&quot;background_background&quot;:&quot;classic&quot;}\">\n\t\t\t\t\t<div class=\"e-con-inner\">\n\t\t\t\t<div class=\"elementor-element elementor-element-84ec238 elementor-widget elementor-widget-shortcode\" data-id=\"84ec238\" data-element_type=\"widget\" data-e-type=\"widget\" data-widget_type=\"shortcode.default\">\n\t\t\t\t<div class=\"elementor-widget-container\">\n\t\t\t\t\t\t\t<div class=\"elementor-shortcode\"><\/div>\n\t\t\t\t\t\t<\/div>\n\t\t\t\t<\/div>\n\t\t\t\t<div class=\"elementor-element elementor-element-b2f674d elementor-widget__width-inherit elementor-widget elementor-widget-heading\" data-id=\"b2f674d\" data-element_type=\"widget\" data-e-type=\"widget\" data-widget_type=\"heading.default\">\n\t\t\t\t<div class=\"elementor-widget-container\">\n\t\t\t\t\t<h2 class=\"elementor-heading-title elementor-size-default\">\u00c0 propos de nous<\/h2>\t\t\t\t<\/div>\n\t\t\t\t<\/div>\n\t\t\t\t<div class=\"elementor-element elementor-element-43e70c9 elementor-widget elementor-widget-text-editor\" data-id=\"43e70c9\" data-element_type=\"widget\" data-e-type=\"widget\" data-widget_type=\"text-editor.default\">\n\t\t\t\t<div class=\"elementor-widget-container\">\n\t\t\t\t\t\t\t\t\t<h3>Notre mission \ud83c\udfae\ud83d\udd79\ufe0f<\/h3><p>Bienvenue chez <strong>MyGameBox<\/strong> - votre destination id\u00e9ale pour tout ce qui concerne les jeux r\u00e9tro ! \ud83d\ude80<\/p><p>Nous faisons revenir les classiques avec une collection soigneusement s\u00e9lectionn\u00e9e de consoles old school, de gadgets et de merchandising de gamers nostalgiques.<\/p><hr class=\"\" data-start=\"361\" data-end=\"364\" \/><h3 class=\"\" data-start=\"366\" data-end=\"411\">\ud83d\udd79\ufe0f Revivez l'\u00e2ge d'or des jeux<\/h3><p class=\"\" data-start=\"412\" data-end=\"680\">Nous avons <strong>MyGameBox<\/strong> avec une mission : <strong>R\u00e9trogaming<\/strong> doit \u00eatre amusant, abordable et accessible dans le monde entier.<br \/>De <strong>Consoles plug-and-play<\/strong> jusqu'aux \u00e9mulateurs de poche, nous nous procurons des produits de haute qualit\u00e9 aupr\u00e8s de fournisseurs mondiaux de confiance et les livrons directement chez vous \ud83c\udf0d .<\/p><hr class=\"\" data-start=\"682\" data-end=\"685\" \/><h3 class=\"\" data-start=\"687\" data-end=\"723\">\ud83c\udf81 Plus que des consoles<\/h3><p class=\"\" data-start=\"724\" data-end=\"941\">Notre collection comprend<br \/>\u2714\ufe0f Consoles classiques (NES, SNES, Sega, Game Boy)<br \/>\u2714\ufe0f Cassettes de jeux et cartes SD<br \/>\u2714\ufe0f Manettes r\u00e9tro et accessoires<br \/>\u2714\ufe0f Mini-appareils de jeux<br \/>\u2714\ufe0f Marchandises pour joueurs, posters, porte-cl\u00e9s et plus encore !<\/p><p class=\"\" data-start=\"943\" data-end=\"1072\">Que vous soyez fan de <strong>Jeux r\u00e9tro<\/strong> \u00eates un collectionneur, ou si vous donnez \u00e0 vos enfants des <strong>Classique<\/strong> nous avons quelque chose de sp\u00e9cial pour vous. \u2764\ufe0f<\/p><hr class=\"\" data-start=\"1074\" data-end=\"1077\" \/><h3 class=\"\" data-start=\"1079\" data-end=\"1115\">\ud83d\udd01 Jouer \u00e0 nouveau. Ressentir \u00e0 nouveau.<\/h3><p class=\"\" data-start=\"1116\" data-end=\"1247\">Nous de <strong>MyGameBox<\/strong> croire que le jeu n'est pas seulement un passe-temps - c'est un moyen de raviver des souvenirs, de partager des joies et de revivre sa propre enfance.<\/p><p class=\"\" data-start=\"1249\" data-end=\"1305\">Merci d'\u00eatre l\u00e0. Le <strong>Plaisir r\u00e9tro<\/strong> peut commencer ! \ud83d\udd79\ufe0f\u2728<\/p>\t\t\t\t\t\t\t\t<\/div>\n\t\t\t\t<\/div>\n\t\t\t\t\t<\/div>\n\t\t\t\t<\/div>\n\t\t<div data-particle_enable=\"false\" data-particle-mobile-disabled=\"false\" class=\"elementor-element elementor-element-ee9d0db e-flex e-con-boxed e-con e-parent\" data-id=\"ee9d0db\" data-element_type=\"container\" data-e-type=\"container\">\n\t\t\t\t\t<div class=\"e-con-inner\">\n\t\t<div data-particle_enable=\"false\" data-particle-mobile-disabled=\"false\" class=\"elementor-element elementor-element-94b6618 e-flex e-con-boxed e-con e-child\" data-id=\"94b6618\" data-element_type=\"container\" data-e-type=\"container\" data-settings=\"{&quot;background_background&quot;:&quot;classic&quot;}\">\n\t\t\t\t\t<div class=\"e-con-inner\">\n\t\t\t\t<div class=\"elementor-element elementor-element-8578667 elementor-widget elementor-widget-heading\" data-id=\"8578667\" data-element_type=\"widget\" data-e-type=\"widget\" data-widget_type=\"heading.default\">\n\t\t\t\t<div class=\"elementor-widget-container\">\n\t\t\t\t\t<h2 class=\"elementor-heading-title elementor-size-default\">Actualit\u00e9s de la newsletter<\/h2>\t\t\t\t<\/div>\n\t\t\t\t<\/div>\n\t\t\t\t<div class=\"elementor-element elementor-element-328ad42 elementor-widget elementor-widget-text-editor\" data-id=\"328ad42\" data-element_type=\"widget\" data-e-type=\"widget\" data-widget_type=\"text-editor.default\">\n\t\t\t\t<div class=\"elementor-widget-container\">\n\t\t\t\t\t\t\t\t\t<p>S'abonner aux e-mails sur les nouveaux produits et les offres sp\u00e9ciales<\/p>\t\t\t\t\t\t\t\t<\/div>\n\t\t\t\t<\/div>\n\t\t\t\t\t<\/div>\n\t\t\t\t<\/div>\n\t\t\t\t\t<\/div>\n\t\t\t\t<\/div>\n\t\t\t\t<\/div>","protected":false},"excerpt":{"rendered":"<p>\u00dcber uns Unser Auftrag \ud83c\udfae\ud83d\udd79\ufe0f Willkommen bei MyGameBox \u2013 Ihrem perfekten Ziel f\u00fcr alles rund um Retro-Spiele! \ud83d\ude80 Wir bringen die Klassiker zur\u00fcck mit einer sorgf\u00e4ltig ausgew\u00e4hlten Sammlung von Old-School-Konsolen, Gadgets und nostalgischem Gamer-Merchandise. \ud83d\udd79\ufe0f Erleben Sie die goldene \u00c4ra der Spiele Wir haben MyGameBox mit einer Mission gegr\u00fcndet: Retro-Gaming soll Spa\u00df machen, erschwinglich und [&hellip;]<\/p>\n","protected":false},"author":2,"featured_media":0,"parent":0,"menu_order":0,"comment_status":"closed","ping_status":"closed","template":"","meta":{"iawp_total_views":4070,"footnotes":""},"class_list":["post-3127","page","type-page","status-publish","hentry"],"blocksy_meta":{"has_hero_section":"disabled","vertical_spacing_source":"custom","content_area_spacing":"none","styles_descriptor":{"styles":{"desktop":"","tablet":"","mobile":""},"google_fonts":[],"version":6}},"_hostinger_reach_plugin_has_subscription_block":false,"_hostinger_reach_plugin_is_elementor":false,"_links":{"self":[{"href":"https:\/\/mygamebox.ch\/fr\/wp-json\/wp\/v2\/pages\/3127","targetHints":{"allow":["GET"]}}],"collection":[{"href":"https:\/\/mygamebox.ch\/fr\/wp-json\/wp\/v2\/pages"}],"about":[{"href":"https:\/\/mygamebox.ch\/fr\/wp-json\/wp\/v2\/types\/page"}],"author":[{"embeddable":true,"href":"https:\/\/mygamebox.ch\/fr\/wp-json\/wp\/v2\/users\/2"}],"replies":[{"embeddable":true,"href":"https:\/\/mygamebox.ch\/fr\/wp-json\/wp\/v2\/comments?post=3127"}],"version-history":[{"count":25,"href":"https:\/\/mygamebox.ch\/fr\/wp-json\/wp\/v2\/pages\/3127\/revisions"}],"predecessor-version":[{"id":4829,"href":"https:\/\/mygamebox.ch\/fr\/wp-json\/wp\/v2\/pages\/3127\/revisions\/4829"}],"wp:attachment":[{"href":"https:\/\/mygamebox.ch\/fr\/wp-json\/wp\/v2\/media?parent=3127"}],"curies":[{"name":"wp","href":"https:\/\/api.w.org\/{rel}","templated":true}]}}