{"id":22224,"date":"2025-11-27T07:23:07","date_gmt":"2025-11-27T06:23:07","guid":{"rendered":"https:\/\/mygamebox.ch\/shop\/gamesir-t4-nova-lite-wireless-gamepad-game-controller-fuer-switch-android-ios-pc-und-steam-games-hall-effect-stick\/"},"modified":"2026-04-13T11:26:37","modified_gmt":"2026-04-13T09:26:37","slug":"gamesir-t4-nova-lite-wireless-gamepad-game-controller-fuer-switch-android-ios-pc-und-steam-games-hall-effect-stick","status":"publish","type":"product","link":"https:\/\/mygamebox.ch\/fr\/shop\/gamesir-t4-nova-lite-wireless-gamepad-game-controller-fuer-switch-android-ios-pc-und-steam-games-hall-effect-stick\/","title":{"rendered":"GameSir T4 Nova Lite Wireless Gamepad Ga..."},"content":{"rendered":"<h2>Immer bereit f\u00fcr intensiven Spielspa\u00df<\/h2>\n<p>Der GameSir T4 Nova Lite Wireless Gamepad ist die perfekte Wahl f\u00fcr alle, die ein vielseitiges und zuverl\u00e4ssiges Spielger\u00e4t suchen. Entwickelt f\u00fcr Switch, Android, IOS, PC und Steam, bietet dieser Gamepad ein reaktionsschnelles und pr\u00e4zises Spielerlebnis, das sowohl Gelegenheits- als auch Profispieler begeistert. Mit seinem kabellosen Design und ergonomischen Layout sorgt der T4 Nova Lite daf\u00fcr, dass Sie sich voll und ganz auf Ihre Spiele konzentrieren k\u00f6nnen \u2013 ganz ohne Kabelsalat.<\/p>\n<h2>Kompatibilit\u00e4t und Leistung<\/h2>\n<p>Dank einer breiten Kompatibilit\u00e4t ist der GameSir T4 Nova Lite f\u00fcr unterschiedlichste Plattformen geeignet, einschlie\u00dflich Nintendo Switch, Android-Ger\u00e4te, iOS-Telefone, PCs und Steam. Ob Sie unterwegs sind oder zu Hause ein episches Gaming-Abenteuer starten \u2013 dieser Controller passt sich nahtlos Ihrer Umgebung an. Mit einer schnellen und stabilen Verbindung genie\u00dfen Sie nahtlose Steuerung ohne Verz\u00f6gerungen. Die programmierbaren Tasten verleihen Ihnen zudem die Flexibilit\u00e4t, Ihr Spielerlebnis individuell zu gestalten.<\/p>\n<h2>Design und Funktionalit\u00e4t<\/h2>\n<p>Mit einem schlanken, modernen Design und einer griffigen Oberfl\u00e4che gew\u00e4hrleistet der T4 Nova Lite stundenlangen Komfort \u2013 ideal f\u00fcr ausgedehnte Gaming-Sessions. Die LED-Hintergrundbeleuchtung und das intuitive Layout der Tasten helfen Ihnen, selbst in dunklen Umgebungen die Kontrolle zu behalten. Seine langlebige Batterie h\u00e4lt bis zu 10 Stunden durch und bietet Ihnen so ausreichend Zeit f\u00fcr lange Spielabende, ohne st\u00e4ndig ans Aufladen denken zu m\u00fcssen.<\/p>\n<h2>Warum der GameSir T4 Nova Lite?<\/h2>\n<p>Der GameSir T4 Nova Lite Wireless Gamepad kombiniert Flexibilit\u00e4t, Stil und Leistung in einem kompakten Paket. Egal ob Sie Ihre Lieblingsspiele auf Switch oder die neuesten Titel via Steam genie\u00dfen, dieser vielseitige Spiel Controller sorgt f\u00fcr fl\u00fcssige und pr\u00e4zise Interaktion. Der Gamepad ist ideal f\u00fcr alle, die eine hochwertige Alternative suchen, um <a href=\"https:\/\/mygamebox.ch\/fr\/product-tag\/retro-gaming-geraet\/\" title=\"Retro Gaming Ger\u00e4t\"  data-wpil-monitor-id=\"346\">Gaming auf jedem Ger\u00e4t<\/a> zu optimieren. Ergreifen Sie die Kontrolle <a href=\"https:\/\/mygamebox.ch\/fr\/shop\/batocera-tf-spielkarte-fuer-steam-deck-windows-pc-mac-fuer-ps3-ps2-ss-ps1-psp-dc-mame-ueber-70-emulatoren-51400-spiele\/\" title=\"Batocera TF\/Spielkarte f\u00fcr Steam Deck\/W...\"  data-wpil-monitor-id=\"347\">\u00fcber Ihre Spiele<\/a> und heben Sie Ihr Gaming-Erlebnis auf ein neues Level!<\/p>","protected":false},"excerpt":{"rendered":"<p>Immer bereit f\u00fcr intensiven Spielspa\u00df Der GameSir T4 Nova Lite Wireless Gamepad ist die perfekte Wahl f\u00fcr alle, die ein vielseitiges und zuverl\u00e4ssiges Spielger\u00e4t suchen. Entwickelt f\u00fcr Switch, Android, IOS, PC und Steam, bietet dieser Gamepad ein reaktionsschnelles und pr\u00e4zises Spielerlebnis, das sowohl Gelegenheits- als auch Profispieler begeistert. Mit seinem kabellosen Design und ergonomischen Layout [&hellip;]<\/p>\n","protected":false},"featured_media":22225,"comment_status":"open","ping_status":"closed","template":"","meta":{"iawp_total_views":1618},"product_brand":[],"product_cat":[50],"product_tag":[608,1281,1036,321,689,738,388,624],"class_list":{"0":"post-22224","1":"product","2":"type-product","3":"status-publish","4":"has-post-thumbnail","6":"product_cat-retro-zubehor","7":"product_tag-arcade-gamepad","8":"product_tag-bluetooth-gamepad","9":"product_tag-drahtloses-gamepad","10":"product_tag-gamepad","11":"product_tag-gamepad-controller","12":"product_tag-gamepad-inklusive","13":"product_tag-joystick-gamepads","14":"product_tag-kabelloser-gamepad","16":"first","17":"instock","18":"shipping-taxable","19":"purchasable","20":"product-type-variable"},"_links":{"self":[{"href":"https:\/\/mygamebox.ch\/fr\/wp-json\/wp\/v2\/product\/22224","targetHints":{"allow":["GET"]}}],"collection":[{"href":"https:\/\/mygamebox.ch\/fr\/wp-json\/wp\/v2\/product"}],"about":[{"href":"https:\/\/mygamebox.ch\/fr\/wp-json\/wp\/v2\/types\/product"}],"replies":[{"embeddable":true,"href":"https:\/\/mygamebox.ch\/fr\/wp-json\/wp\/v2\/comments?post=22224"}],"wp:featuredmedia":[{"embeddable":true,"href":"https:\/\/mygamebox.ch\/fr\/wp-json\/wp\/v2\/media\/22225"}],"wp:attachment":[{"href":"https:\/\/mygamebox.ch\/fr\/wp-json\/wp\/v2\/media?parent=22224"}],"wp:term":[{"taxonomy":"product_brand","embeddable":true,"href":"https:\/\/mygamebox.ch\/fr\/wp-json\/wp\/v2\/product_brand?post=22224"},{"taxonomy":"product_cat","embeddable":true,"href":"https:\/\/mygamebox.ch\/fr\/wp-json\/wp\/v2\/product_cat?post=22224"},{"taxonomy":"product_tag","embeddable":true,"href":"https:\/\/mygamebox.ch\/fr\/wp-json\/wp\/v2\/product_tag?post=22224"}],"curies":[{"name":"wp","href":"https:\/\/api.w.org\/{rel}","templated":true}]}}