{"id":22262,"date":"2025-11-27T15:01:17","date_gmt":"2025-11-27T14:01:17","guid":{"rendered":"https:\/\/mygamebox.ch\/shop\/marvel-spider-man-bluetooth-eagles-over-ear-gaming-headset-faltbare-drahtlose-kopfhoerer-mit-excellenter-geraeuschunterdrueckung\/"},"modified":"2026-04-13T11:26:46","modified_gmt":"2026-04-13T09:26:46","slug":"marvel-spider-man-bluetooth-eagles-over-ear-gaming-headset-casque-sans-fil-pliable-avec-une-excellente-suppression-du-bruit","status":"publish","type":"product","link":"https:\/\/mygamebox.ch\/fr\/shop\/marvel-spider-man-bluetooth-eagles-over-ear-gaming-headset-faltbare-drahtlose-kopfhoerer-mit-excellenter-geraeuschunterdrueckung\/","title":{"rendered":"Marvel Spider Man Bluetooth Eagles Over ..."},"content":{"rendered":"<h2>Une qualit\u00e9 audio premium pour les fans de Marvel<\/h2>\n<p>Les \u00e9couteurs sans fil Bluetooth pliables Marvel Spider Man offrent une combinaison extraordinaire de style et de fonctionnalit\u00e9. Avec un design exclusif inspir\u00e9 de Spider-Man, ces \u00e9couteurs sont parfaits pour les passionn\u00e9s de Marvel qui souhaitent profiter d'un son de qualit\u00e9 sup\u00e9rieure. Investissez dans votre plaisir d'\u00e9coute et profitez d'une qualit\u00e9 audio d\u00e9taill\u00e9e pour chaque m\u00e9lodie ou communication vocale.<\/p>\n<h2>Design pliable pour une manipulation facile<\/h2>\n<p>Gr\u00e2ce \u00e0 leur conception l\u00e9g\u00e8re et pliable, ces \u00e9couteurs sont faciles \u00e0 transporter et \u00e0 ranger, ce qui les rend parfaits pour les d\u00e9placements. Que vous fassiez la navette, que vous voyagiez ou que vous souhaitiez simplement vous d\u00e9tendre, les \u00e9couteurs Marvel offrent un maximum de confort et de flexibilit\u00e9. Ils s'adaptent parfaitement \u00e0 votre style de vie moderne et sont faciles \u00e0 utiliser.<\/p>\n<h2>R\u00e9duction efficace du bruit et libert\u00e9 sans fil<\/h2>\n<p>La technologie de r\u00e9duction du bruit de premi\u00e8re classe vous permet d'\u00e9couter votre musique ou vos podcasts pr\u00e9f\u00e9r\u00e9s sans \u00eatre d\u00e9rang\u00e9 par les bruits ext\u00e9rieurs. La connexion sans fil Bluetooth vous permet de ne pas vous encombrer de c\u00e2bles et de vous d\u00e9placer librement. La longue dur\u00e9e de vie de la batterie vous permet d'utiliser vos \u00e9couteurs pendant des heures sans avoir \u00e0 vous soucier de les recharger fr\u00e9quemment.<\/p>\n<p>Que ce soit pour travailler, \u00e9tudier ou se d\u00e9tendre, le Marvel Spider Man <a href=\"https:\/\/mygamebox.ch\/fr\/shop\/bluetooth-kopfhoerer-stereo-headset-mit-eingebautem-mikrofon-fuer-android-und-ios\/\" title=\"Casque st\u00e9r\u00e9o Bluetooth avec ...\"  data-wpil-monitor-id=\"350\">Casque sans fil Bluetooth pliable<\/a> garantissent une exp\u00e9rience audio impressionnante avec une combinaison unique de fonctionnalit\u00e9 et d'esth\u00e9tique \u00e9l\u00e9gante. Procurez-vous vos \u00e9couteurs d\u00e8s aujourd'hui et plongez dans votre univers sonore !<\/p>","protected":false},"excerpt":{"rendered":"<p>Premium Audioqualit\u00e4t f\u00fcr Marvel-Fans Die Marvel Spider Man Bluetooth Faltbare Drahtlose Kopfh\u00f6rer bieten eine au\u00dferordentliche Kombination aus Stil und Funktionalit\u00e4t. Mit einem exklusiven Design, das von Spider-Man inspiriert ist, sind diese Kopfh\u00f6rer ideal f\u00fcr Marvel-Enthusiasten, die erstklassigen Klang genie\u00dfen m\u00f6chten. Investieren Sie in Ihren H\u00f6rgenuss und erleben Sie detaillierte Audioqualit\u00e4t bei jeder Melodie oder Sprachkommunikation. [&hellip;]<\/p>\n","protected":false},"featured_media":22263,"comment_status":"open","ping_status":"closed","template":"","meta":{"iawp_total_views":3142},"product_brand":[279,285,286,282,283,910],"product_cat":[50],"product_tag":[445,1323,1398,1400,1399,1397],"class_list":{"0":"post-22262","1":"product","2":"type-product","3":"status-publish","4":"has-post-thumbnail","6":"product_brand-xbox","7":"product_brand-android","8":"product_brand-apple","9":"product_brand-linux","10":"product_brand-microsoft","11":"product_brand-sony","12":"product_cat-retro-zubehor","13":"product_tag-bluetooth","14":"product_tag-bluetooth-kopfhoerer","15":"product_tag-gaming-headset","16":"product_tag-marvel","17":"product_tag-spider-man","18":"product_tag-spider-man-gaming-headset","20":"first","21":"instock","22":"shipping-taxable","23":"purchasable","24":"product-type-variable"},"_links":{"self":[{"href":"https:\/\/mygamebox.ch\/fr\/wp-json\/wp\/v2\/product\/22262","targetHints":{"allow":["GET"]}}],"collection":[{"href":"https:\/\/mygamebox.ch\/fr\/wp-json\/wp\/v2\/product"}],"about":[{"href":"https:\/\/mygamebox.ch\/fr\/wp-json\/wp\/v2\/types\/product"}],"replies":[{"embeddable":true,"href":"https:\/\/mygamebox.ch\/fr\/wp-json\/wp\/v2\/comments?post=22262"}],"wp:featuredmedia":[{"embeddable":true,"href":"https:\/\/mygamebox.ch\/fr\/wp-json\/wp\/v2\/media\/22263"}],"wp:attachment":[{"href":"https:\/\/mygamebox.ch\/fr\/wp-json\/wp\/v2\/media?parent=22262"}],"wp:term":[{"taxonomy":"product_brand","embeddable":true,"href":"https:\/\/mygamebox.ch\/fr\/wp-json\/wp\/v2\/product_brand?post=22262"},{"taxonomy":"product_cat","embeddable":true,"href":"https:\/\/mygamebox.ch\/fr\/wp-json\/wp\/v2\/product_cat?post=22262"},{"taxonomy":"product_tag","embeddable":true,"href":"https:\/\/mygamebox.ch\/fr\/wp-json\/wp\/v2\/product_tag?post=22262"}],"curies":[{"name":"wp","href":"https:\/\/api.w.org\/{rel}","templated":true}]}}