{"id":22783,"date":"2026-03-16T15:27:16","date_gmt":"2026-03-16T14:27:16","guid":{"rendered":"https:\/\/mygamebox.ch\/shop\/smartdude-r36h-tragbare-retro-handheld-video-game-konsole-mit-arkos-system-und-3-5-inch-ips-bildschirm\/"},"modified":"2026-04-13T07:04:52","modified_gmt":"2026-04-13T05:04:52","slug":"smartdude-r36h-console-de-jeu-video-portable-retro-avec-systeme-arkos-et-ecran-ips-de-3-5-pouces","status":"publish","type":"product","link":"https:\/\/mygamebox.ch\/fr\/shop\/smartdude-r36h-tragbare-retro-handheld-video-game-konsole-mit-arkos-system-und-3-5-inch-ips-bildschirm\/","title":{"rendered":"SMARTDUDE R36H Jeu vid\u00e9o r\u00e9tro portable..."},"content":{"rendered":"<p>Le site <strong>SMARTDUDE R36H Console portable de jeu vid\u00e9o r\u00e9tro<\/strong> est votre solution id\u00e9ale pour emporter vos classiques pr\u00e9f\u00e9r\u00e9s du monde du jeu partout avec vous. Qu'il s'agisse de souvenirs nostalgiques de votre enfance ou d'un gameday entre amis, cette console allie le meilleur du pass\u00e9 \u00e0 la technologie moderne pour vous offrir une exp\u00e9rience de jeu unique.<\/p>\n<h2>Syst\u00e8me ArkOS puissant pour une compatibilit\u00e9 ultime<\/h2>\n<p>Le c\u0153ur de la SMARTDUDE R36H est le bo\u00eetier robuste et facile \u00e0 utiliser. <strong>Syst\u00e8me ArkOS<\/strong>. Ce syst\u00e8me d'exploitation prend en charge un grand nombre d'\u00e9mulateurs et de formats, ce qui vous permet d'acc\u00e9der \u00e0 une vaste biblioth\u00e8que de jeux. Avec des performances optimis\u00e9es, la console garantit des temps de chargement rapides et un contr\u00f4le sans faille. Avec ArkOS, vous profitez du r\u00e9trogaming \u00e0 un tout nouveau niveau, sans retards ni interruptions g\u00eanantes.<\/p>\n<h2>\u00c9cran IPS de 3,5 pouces pour des images d'une grande nettet\u00e9<\/h2>\n<p>Faites l'exp\u00e9rience de vos jeux r\u00e9tro avec des couleurs vives et une clart\u00e9 impressionnante gr\u00e2ce \u00e0 l'\u00e9cran haute qualit\u00e9 <strong>\u00e9cran IPS de 3,5 pouces<\/strong>. Cet \u00e9cran offre une pr\u00e9cision des couleurs am\u00e9lior\u00e9e et des angles de vision larges, ce qui permet de reproduire chaque d\u00e9tail de vos classiques pr\u00e9f\u00e9r\u00e9s avec une qualit\u00e9 impressionnante. Que vous jouiez \u00e0 l'int\u00e9rieur ou \u00e0 l'ext\u00e9rieur, l'\u00e9cran garantit une vision claire et r\u00e9duit l'\u00e9blouissement pour des heures de jeu.<\/p>\n<h2>La rencontre du r\u00e9tro et de la portabilit\u00e9 moderne<\/h2>\n<p>La SMARTDUDE R36H porte le jeu r\u00e9tro \u00e0 de nouveaux sommets sans faire de compromis sur la portabilit\u00e9. Son design compact et ses commandes ergonomiques en font un compagnon de voyage id\u00e9al. Gr\u00e2ce \u00e0 sa batterie rechargeable, vous pouvez jouer pendant des heures sans vous soucier des c\u00e2bles ou des prises \u00e9lectriques. Cette console portable est id\u00e9ale pour les voyages, les pauses ou simplement les sessions de jeu relaxantes \u00e0 la maison.<\/p>\n<p>De plus, la SMARTDUDE R36H prend en charge les manettes externes et l'extension de m\u00e9moire, ce qui vous permet de personnaliser votre exp\u00e9rience de jeu. Partagez facilement les joies du r\u00e9trogaming avec vos amis ou \u00e9largissez votre collection de jeux classiques en toute simplicit\u00e9.<\/p>\n<h2>R\u00e9sumons<\/h2>\n<p>Le site <strong>SMARTDUDE R36H <a title=\"Console portable r\u00e9tro\" href=\"https:\/\/mygamebox.ch\/fr\/product-tag\/tragbare-retro-konsole\/\" data-wpil-monitor-id=\"372\">Console de jeu vid\u00e9o portable r\u00e9tro<\/a><\/strong> est votre combinaison parfaite entre le charme du jeu classique et la technologie moderne. Avec le syst\u00e8me ArkOS, un \u00e9cran IPS impressionnant et un design pratique, cette console offre une exp\u00e9rience de jeu sans faille. Plongez dans l'univers de vos jeux r\u00e9tro pr\u00e9f\u00e9r\u00e9s, o\u00f9 que vous soyez, et profitez d'innombrables heures de plaisir et de nostalgie. D\u00e9couvrez la console portable qui red\u00e9finit vos attentes en mati\u00e8re de jeu !<\/p>","protected":false},"excerpt":{"rendered":"<p>Die SMARTDUDE R36H Tragbare Retro Videospiel Handheld Konsole ist Ihre ideale L\u00f6sung, um Ihre Lieblingsklassiker der Spielewelt \u00fcberall hin mitzunehmen. Ob nostalgische Erinnerungen an Ihre Kindheit oder ein Gameday mit Freunden \u2013 diese Konsole verbindet das Beste aus der Vergangenheit mit moderner Technik, um Ihnen ein einzigartiges Spielerlebnis zu bieten. Leistungsstarkes ArkOS-System f\u00fcr ultimative Kompatibilit\u00e4t [&hellip;]<\/p>\n","protected":false},"featured_media":22784,"comment_status":"open","ping_status":"closed","template":"","meta":{"iawp_total_views":2487},"product_brand":[282],"product_cat":[49],"product_tag":[463,440,583,476,472,902,432,471,462,458,473,746,1309,572,644,656,439,291,448],"class_list":{"0":"post-22783","1":"product","2":"type-product","3":"status-publish","4":"has-post-thumbnail","6":"product_brand-linux","7":"product_cat-retro-konsolen","8":"product_tag-classic-games-handheld","9":"product_tag-classic-handheld-console","10":"product_tag-gaming-handheld","11":"product_tag-handheld","12":"product_tag-handheld-arcade-game-konsole","13":"product_tag-handheld-arcade-spielekonsole","14":"product_tag-handheld-console","15":"product_tag-handheld-device-for-retro-games","16":"product_tag-handheld-emulator","17":"product_tag-handheld-game-console","18":"product_tag-handheld-game-konsole","19":"product_tag-handheld-retro-konsole","20":"product_tag-handheld-retro-spielekonsole","21":"product_tag-handheld-spielekonsole","22":"product_tag-handheld-spielkonsole","23":"product_tag-mini-handheld-spielegeraet","24":"product_tag-retro-handheld","25":"product_tag-retro-handheld-videospielkonsole","26":"product_tag-retro-handheld-spielekonsole","28":"first","29":"instock","30":"shipping-taxable","31":"purchasable","32":"product-type-variable"},"_links":{"self":[{"href":"https:\/\/mygamebox.ch\/fr\/wp-json\/wp\/v2\/product\/22783","targetHints":{"allow":["GET"]}}],"collection":[{"href":"https:\/\/mygamebox.ch\/fr\/wp-json\/wp\/v2\/product"}],"about":[{"href":"https:\/\/mygamebox.ch\/fr\/wp-json\/wp\/v2\/types\/product"}],"replies":[{"embeddable":true,"href":"https:\/\/mygamebox.ch\/fr\/wp-json\/wp\/v2\/comments?post=22783"}],"wp:featuredmedia":[{"embeddable":true,"href":"https:\/\/mygamebox.ch\/fr\/wp-json\/wp\/v2\/media\/22784"}],"wp:attachment":[{"href":"https:\/\/mygamebox.ch\/fr\/wp-json\/wp\/v2\/media?parent=22783"}],"wp:term":[{"taxonomy":"product_brand","embeddable":true,"href":"https:\/\/mygamebox.ch\/fr\/wp-json\/wp\/v2\/product_brand?post=22783"},{"taxonomy":"product_cat","embeddable":true,"href":"https:\/\/mygamebox.ch\/fr\/wp-json\/wp\/v2\/product_cat?post=22783"},{"taxonomy":"product_tag","embeddable":true,"href":"https:\/\/mygamebox.ch\/fr\/wp-json\/wp\/v2\/product_tag?post=22783"}],"curies":[{"name":"wp","href":"https:\/\/api.w.org\/{rel}","templated":true}]}}