{"id":23646,"date":"2026-04-26T15:43:54","date_gmt":"2026-04-26T13:43:54","guid":{"rendered":"https:\/\/mygamebox.ch\/shop\/r36tmax-retro-handheld-spielkonsole-retro-spielkonsole-mit-40%e2%80%b3-ips-bildschirm-und-ueber-18-000-klassischen-spielen-unterstuetzt-wlan-multiplayer-4000-mah-akku-schwarz-64gb-amazon-de-spi\/"},"modified":"2026-04-26T15:54:58","modified_gmt":"2026-04-26T13:54:58","slug":"r36tmax-retro-handheld-spielkonsole-retro-spielkonsole","status":"publish","type":"product","link":"https:\/\/mygamebox.ch\/fr\/shop\/r36tmax-retro-handheld-spielkonsole-retro-spielkonsole\/","title":{"rendered":"R36TMAX Retro Handheld Spielkonsole, Ret..."},"content":{"rendered":"<hr class=\"bucketDivider\" noshade=\"noshade\" size=\"1\" \/>\n<h2>Produktinformation<\/h2>\n<p>Retro Handheld Spielkonsole<\/p>\n<div lang=\"de_DE\">\n<div class=\"aplus-v2 desktop celwidget\" data-csa-c-id=\"ml2p4u-zdlyob-50aq9p-hem93\" data-cel-widget=\"aplus\">\n<div class=\"aplus-content-wrapper\">\n<div class=\"celwidget aplus-module premium-module-2-fullbackground-image aplus-premium\" data-csa-c-id=\"tw7if4-qddyem-dwh7d4-x3ulvt\" data-cel-widget=\"aplus-premium-module-2-fullbackground-image\">\n<div class=\"a-section a-spacing-none premium-aplus premium-aplus-module-2\">\n<div class=\"a-section a-spacing-none premium-background-wrapper\">\n<div class=\"a-section a-spacing-none background-image\"><img decoding=\"async\" class=\"\" src=\"https:\/\/m.media-amazon.com\/images\/S\/aplus-media-library-service-media\/d9096d43-8330-4c27-8af5-ed5f2b3535ca.__CR0,0,1464,600_PT0_SX1464_V1___.png\" alt=\"aplus content image\" data-src=\"https:\/\/m.media-amazon.com\/images\/S\/aplus-media-library-service-media\/d9096d43-8330-4c27-8af5-ed5f2b3535ca.__CR0,0,1464,600_PT0_SX1464_V1___.png\" data- title=\"\"><img decoding=\"async\" src=\"https:\/\/m.media-amazon.com\/images\/S\/aplus-media-library-service-media\/d9096d43-8330-4c27-8af5-ed5f2b3535ca.__CR0,0,1464,600_PT0_SX1464_V1___.png\" alt=\"aplus content image\" title=\"\"><\/div>\n<\/div>\n<div class=\"a-section a-text-center\"><\/div>\n<\/div>\n<\/div>\n<div class=\"celwidget aplus-module premium-module-2-fullbackground-image aplus-premium\" data-csa-c-id=\"c4qt3i-vqtzlx-1tvam9-xio9wp\" data-cel-widget=\"aplus-premium-module-2-fullbackground-image\">\n<div class=\"a-section a-spacing-none premium-aplus premium-aplus-module-2\">\n<div class=\"a-section a-spacing-none premium-background-wrapper\">\n<div class=\"a-section a-spacing-none background-image\"><img decoding=\"async\" class=\"a-lazy-loaded\" src=\"https:\/\/m.media-amazon.com\/images\/S\/aplus-media-library-service-media\/e41118e0-d563-459a-aff3-73c3c9daebde.__CR0,0,1464,600_PT0_SX1464_V1___.png\" alt=\"aplus content image\" data-src=\"https:\/\/m.media-amazon.com\/images\/S\/aplus-media-library-service-media\/e41118e0-d563-459a-aff3-73c3c9daebde.__CR0,0,1464,600_PT0_SX1464_V1___.png\" data- title=\"\"><img decoding=\"async\" src=\"https:\/\/m.media-amazon.com\/images\/S\/aplus-media-library-service-media\/e41118e0-d563-459a-aff3-73c3c9daebde.__CR0,0,1464,600_PT0_SX1464_V1___.png\" alt=\"aplus content image\" title=\"\"><\/div>\n<\/div>\n<\/div>\n<\/div>\n<div class=\"celwidget aplus-module premium-module-13-carousel aplus-premium\" data-csa-c-id=\"jscn81-fyapdx-377e83-7h9jr5\" data-cel-widget=\"aplus-premium-module-13-carousel\">\n<div class=\"a-section a-spacing-none premium-aplus premium-aplus-module-13\">\n<div class=\"a-section a-spacing-none aplus-carousel-container\">\n<div id=\"premium-aplus-13-carousel-2-id\" class=\"a-begin a-carousel-container a-carousel-display-single a-carousel-transition-slideCircular\" role=\"region\" data-a-carousel-options=\"{&quot;peek_percentage&quot;:0,&quot;minimum_gutter_width&quot;:0,&quot;show_partial_next&quot;:false,&quot;name&quot;:&quot;premium-aplus-13-carousel-2&quot;}\" aria-label=\"Karussell mit ausgew\u00e4hlten Inhalten\" data-a-display-strategy=\"single\" data-a-transition-strategy=\"slideCircular\">\n<div class=\"a-row a-carousel-controls a-carousel-row a-carousel-has-buttons a-carousel-overlay-buttons a-carousel-rounded-buttons\">\n<div class=\"a-carousel-row-inner\">\n<div class=\"a-carousel-col a-carousel-center\">\n<div class=\"a-carousel-viewport\">\n<ol class=\"a-carousel\" role=\"list\">\n<li class=\"a-carousel-card aplus-carousel-element\">\n<div id=\"premium-aplus-13-carousel-2-slide-0\">\n<div class=\"a-section a-spacing-none aplus-card-image\"><img decoding=\"async\" src=\"https:\/\/m.media-amazon.com\/images\/S\/aplus-media-library-service-media\/a160fe01-f658-4cbd-8667-c099187a8806.__CR0,0,1464,600_PT0_SX1464_V1___.png\" alt=\"aplus content image\" title=\"\"><\/div>\n<\/div>\n<\/li>\n<li class=\"a-carousel-card aplus-carousel-element\">\n<div id=\"premium-aplus-13-carousel-2-slide-1\">\n<div class=\"a-section a-spacing-none aplus-card-image\"><img decoding=\"async\" src=\"https:\/\/m.media-amazon.com\/images\/S\/aplus-media-library-service-media\/daff53ed-41bb-4892-b491-6c352f002993.__CR0,0,1464,600_PT0_SX1464_V1___.png\" alt=\"aplus content image\" title=\"\"><\/div>\n<\/div>\n<\/li>\n<\/ol>\n<\/div>\n<\/div>\n<\/div>\n<\/div>\n<\/div>\n<\/div>\n<\/div>\n<\/div>\n<div class=\"celwidget aplus-module premium-module-13-carousel aplus-premium\" data-csa-c-id=\"l9ac4l-k0w7r6-lszxxi-36woft\" data-cel-widget=\"aplus-premium-module-13-carousel\">\n<div class=\"a-section a-spacing-none premium-aplus premium-aplus-module-13\">\n<div class=\"a-section a-spacing-none aplus-carousel-container\">\n<div id=\"premium-aplus-13-carousel-3-id\" class=\"a-begin a-carousel-container a-carousel-display-single a-carousel-transition-slideCircular\" role=\"region\" data-a-carousel-options=\"{&quot;peek_percentage&quot;:0,&quot;minimum_gutter_width&quot;:0,&quot;show_partial_next&quot;:false,&quot;name&quot;:&quot;premium-aplus-13-carousel-3&quot;}\" aria-label=\"Karussell mit ausgew\u00e4hlten Inhalten\" data-a-display-strategy=\"single\" data-a-transition-strategy=\"slideCircular\">\n<div class=\"a-row a-carousel-controls a-carousel-row a-carousel-has-buttons a-carousel-overlay-buttons a-carousel-rounded-buttons\">\n<div class=\"a-carousel-row-inner\">\n<div class=\"a-carousel-col a-carousel-center\">\n<div class=\"a-carousel-viewport\">\n<ol class=\"a-carousel\" role=\"list\">\n<li class=\"a-carousel-card aplus-carousel-element\">\n<div id=\"premium-aplus-13-carousel-3-slide-0\">\n<div class=\"a-section a-spacing-none aplus-card-image\"><img decoding=\"async\" src=\"https:\/\/m.media-amazon.com\/images\/S\/aplus-media-library-service-media\/e82e85dc-0d7c-4bc1-88bd-6731a18e5e5a.__CR0,0,1464,600_PT0_SX1464_V1___.png\" alt=\"aplus content image\" title=\"\"><\/div>\n<\/div>\n<\/li>\n<li class=\"a-carousel-card aplus-carousel-element\">\n<div id=\"premium-aplus-13-carousel-3-slide-1\">\n<div class=\"a-section a-spacing-none aplus-card-image\"><img decoding=\"async\" src=\"https:\/\/m.media-amazon.com\/images\/S\/aplus-media-library-service-media\/f907145f-7396-487b-b87c-1365b1af823b.__CR0,0,1464,600_PT0_SX1464_V1___.png\" alt=\"aplus content image\" title=\"\"><\/div>\n<\/div>\n<\/li>\n<li class=\"a-carousel-card aplus-carousel-element\">\n<div id=\"premium-aplus-13-carousel-3-slide-2\">\n<div class=\"a-section a-spacing-none aplus-card-image\"><img decoding=\"async\" src=\"https:\/\/m.media-amazon.com\/images\/S\/aplus-media-library-service-media\/d3a2545a-b771-4707-aa37-eccbaa3fe30e.__CR0,0,1464,600_PT0_SX1464_V1___.png\" alt=\"aplus content image\" title=\"\"><\/div>\n<\/div>\n<\/li>\n<li class=\"a-carousel-card aplus-carousel-element\">\n<div id=\"premium-aplus-13-carousel-3-slide-3\">\n<div class=\"a-section a-spacing-none aplus-card-image\"><img decoding=\"async\" src=\"https:\/\/m.media-amazon.com\/images\/S\/aplus-media-library-service-media\/d7e4efdd-7ca1-45c4-a26b-398a2c4d5ca9.__CR0,0,1464,600_PT0_SX1464_V1___.png\" alt=\"aplus content image\" title=\"\"><\/div>\n<\/div>\n<\/li>\n<\/ol>\n<\/div>\n<\/div>\n<\/div>\n<\/div>\n<\/div>\n<\/div>\n<\/div>\n<\/div>\n<div class=\"celwidget aplus-module premium-module-13-carousel aplus-premium\" data-csa-c-id=\"uomshe-a4iaex-rqcs6f-xuclum\" data-cel-widget=\"aplus-premium-module-13-carousel\">\n<div class=\"a-section a-spacing-none premium-aplus premium-aplus-module-13\">\n<div class=\"a-section a-spacing-none aplus-carousel-container\">\n<div id=\"premium-aplus-13-carousel-4-id\" class=\"a-begin a-carousel-container a-carousel-display-single a-carousel-transition-slideCircular\" role=\"region\" data-a-carousel-options=\"{&quot;peek_percentage&quot;:0,&quot;minimum_gutter_width&quot;:0,&quot;show_partial_next&quot;:false,&quot;name&quot;:&quot;premium-aplus-13-carousel-4&quot;}\" aria-label=\"Karussell mit ausgew\u00e4hlten Inhalten\" data-a-display-strategy=\"single\" data-a-transition-strategy=\"slideCircular\">\n<div class=\"a-row a-carousel-controls a-carousel-row a-carousel-has-buttons a-carousel-overlay-buttons a-carousel-rounded-buttons\">\n<div class=\"a-carousel-row-inner\">\n<div class=\"a-carousel-col a-carousel-center\">\n<div class=\"a-carousel-viewport\">\n<ol class=\"a-carousel\" role=\"list\">\n<li class=\"a-carousel-card aplus-carousel-element\">\n<div id=\"premium-aplus-13-carousel-4-slide-0\">\n<div class=\"a-section a-spacing-none aplus-card-image\"><img decoding=\"async\" src=\"https:\/\/m.media-amazon.com\/images\/S\/aplus-media-library-service-media\/3712cc66-0754-4993-b24f-e0423ba37d35.__CR0,0,1464,600_PT0_SX1464_V1___.png\" alt=\"aplus content image\" title=\"\"><\/div>\n<\/div>\n<\/li>\n<li class=\"a-carousel-card aplus-carousel-element\">\n<div id=\"premium-aplus-13-carousel-4-slide-1\">\n<div class=\"a-section a-spacing-none aplus-card-image\"><img decoding=\"async\" src=\"https:\/\/m.media-amazon.com\/images\/S\/aplus-media-library-service-media\/a3c00d97-4b48-4d32-a6d7-441bc266d2c2.__CR0,0,1464,600_PT0_SX1464_V1___.png\" alt=\"aplus content image\" title=\"\"><\/div>\n<\/div>\n<\/li>\n<li class=\"a-carousel-card aplus-carousel-element\">\n<div id=\"premium-aplus-13-carousel-4-slide-2\">\n<div class=\"a-section a-spacing-none aplus-card-image\"><img decoding=\"async\" src=\"https:\/\/m.media-amazon.com\/images\/S\/aplus-media-library-service-media\/edd56635-a07d-46b8-ac73-0d7f11e7b53f.__CR0,0,1464,600_PT0_SX1464_V1___.png\" alt=\"aplus content image\" title=\"\"><\/div>\n<\/div>\n<\/li>\n<\/ol>\n<\/div>\n<\/div>\n<\/div>\n<\/div>\n<\/div>\n<div class=\"a-section a-spacing-none aplus-pagination-wrapper\">\n<div class=\"aplus-mantle aplus-module\">\n<div class=\"aplus-carousel-nav\"><\/div>\n<\/div>\n<\/div>\n<\/div>\n<div class=\"a-section a-text-center\"><\/div>\n<\/div>\n<\/div>\n<div class=\"celwidget aplus-module premium-module-2-fullbackground-image aplus-premium\" data-csa-c-id=\"19t9ss-jlh0ku-fbfcg7-7xvab0\" data-cel-widget=\"aplus-premium-module-2-fullbackground-image\">\n<div class=\"a-section a-spacing-none premium-aplus premium-aplus-module-2\">\n<div class=\"a-section a-spacing-none premium-background-wrapper\">\n<div class=\"a-section a-spacing-none background-image\"><img decoding=\"async\" class=\"a-lazy-loaded\" src=\"https:\/\/m.media-amazon.com\/images\/S\/aplus-media-library-service-media\/57cfcce2-1b96-42af-a127-a0eebcc86857.__CR0,0,1464,600_PT0_SX1464_V1___.jpg\" alt=\"aplus content image\" data-src=\"https:\/\/m.media-amazon.com\/images\/S\/aplus-media-library-service-media\/57cfcce2-1b96-42af-a127-a0eebcc86857.__CR0,0,1464,600_PT0_SX1464_V1___.jpg\" data- title=\"\"><img decoding=\"async\" src=\"https:\/\/m.media-amazon.com\/images\/S\/aplus-media-library-service-media\/57cfcce2-1b96-42af-a127-a0eebcc86857.__CR0,0,1464,600_PT0_SX1464_V1___.jpg\" alt=\"aplus content image\" title=\"\"><\/div>\n<\/div>\n<div class=\"a-section a-text-center\"><\/div>\n<\/div>\n<\/div>\n<div class=\"celwidget aplus-module premium-module-2-fullbackground-image aplus-premium\" data-csa-c-id=\"telt2e-gpvfq3-xeilb-a1hsly\" data-cel-widget=\"aplus-premium-module-2-fullbackground-image\">\n<div class=\"a-section a-spacing-none premium-aplus premium-aplus-module-2\">\n<div class=\"a-section a-spacing-none premium-background-wrapper\">\n<div class=\"a-section a-spacing-none background-image\"><img decoding=\"async\" class=\"a-lazy-loaded\" src=\"https:\/\/m.media-amazon.com\/images\/S\/aplus-media-library-service-media\/47dc2df3-88d7-4532-b476-b18ce374c193.__CR0,0,1464,600_PT0_SX1464_V1___.jpg\" alt=\"aplus content image\" data-src=\"https:\/\/m.media-amazon.com\/images\/S\/aplus-media-library-service-media\/47dc2df3-88d7-4532-b476-b18ce374c193.__CR0,0,1464,600_PT0_SX1464_V1___.jpg\" data- title=\"\"><img decoding=\"async\" src=\"https:\/\/m.media-amazon.com\/images\/S\/aplus-media-library-service-media\/47dc2df3-88d7-4532-b476-b18ce374c193.__CR0,0,1464,600_PT0_SX1464_V1___.jpg\" alt=\"aplus content image\" title=\"\"><\/div>\n<\/div>\n<div class=\"a-section a-text-center\"><\/div>\n<\/div>\n<\/div>\n<\/div>\n<\/div>\n<\/div>\n<div style=\"margin: 20px 0;\">\n<h4>Product Gallery<\/h4>\n<div style=\"display: flex; gap: 10px;\"><img decoding=\"async\" style=\"max-width: 200px; height: auto; border-radius: 8px;\" src=\"https:\/\/m.media-amazon.com\/images\/I\/71Hgexz9J7L._AC_SL1500_.jpg\" alt=\"Product Image\" title=\"\"><img decoding=\"async\" style=\"max-width: 200px; height: auto; border-radius: 8px;\" src=\"https:\/\/m.media-amazon.com\/images\/I\/71KCarEhdbL._AC_SL1500_.jpg\" alt=\"Product Image\" title=\"\"><img decoding=\"async\" style=\"max-width: 200px; height: auto; border-radius: 8px;\" src=\"https:\/\/m.media-amazon.com\/images\/I\/71um+mXyqCL._AC_SL1500_.jpg\" alt=\"Product Image\" title=\"\"><img decoding=\"async\" style=\"max-width: 200px; height: auto; border-radius: 8px;\" src=\"https:\/\/m.media-amazon.com\/images\/I\/71VfIl54fML._AC_SL1500_.jpg\" alt=\"Product Image\" title=\"\"><img decoding=\"async\" style=\"max-width: 200px; height: auto; border-radius: 8px;\" src=\"https:\/\/m.media-amazon.com\/images\/I\/71g7l6fCyzL._AC_SL1500_.jpg\" alt=\"Product Image\" title=\"\"><img decoding=\"async\" style=\"max-width: 200px; height: auto; border-radius: 8px;\" src=\"https:\/\/m.media-amazon.com\/images\/I\/71iQLX15RpL._AC_SL1500_.jpg\" alt=\"Product Image\" title=\"\"><img decoding=\"async\" style=\"max-width: 200px; height: auto; border-radius: 8px;\" src=\"https:\/\/m.media-amazon.com\/images\/I\/71FXWm96xzL._AC_SL1500_.jpg\" alt=\"Product Image\" title=\"\"><img decoding=\"async\" style=\"max-width: 200px; height: auto; border-radius: 8px;\" src=\"https:\/\/m.media-amazon.com\/images\/I\/81hpsvKX00L._AC_SL1500_.jpg\" alt=\"Product Image\" title=\"\"><img decoding=\"async\" style=\"max-width: 200px; height: auto; border-radius: 8px;\" src=\"https:\/\/m.media-amazon.com\/images\/I\/61ijWIK2eIL._AC_SL1500_.jpg\" alt=\"Product Image\" title=\"\"><img decoding=\"async\" style=\"max-width: 200px; height: auto; border-radius: 8px;\" src=\"https:\/\/m.media-amazon.com\/images\/I\/71V+nGgF1bL._AC_SL1500_.jpg\" alt=\"Product Image\" title=\"\"><img decoding=\"async\" style=\"max-width: 200px; height: auto; border-radius: 8px;\" src=\"https:\/\/m.media-amazon.com\/images\/S\/aplus-media-library-service-media\/d9096d43-8330-4c27-8af5-ed5f2b3535ca.__CR0,0,1464,600_PT0_SX1464_V1___.png\" alt=\"Product Image\" title=\"\"><img decoding=\"async\" style=\"max-width: 200px; height: auto; border-radius: 8px;\" src=\"https:\/\/m.media-amazon.com\/images\/S\/aplus-media-library-service-media\/e41118e0-d563-459a-aff3-73c3c9daebde.__CR0,0,1464,600_PT0_SX1464_V1___.png\" alt=\"Product Image\" title=\"\"><img decoding=\"async\" style=\"max-width: 200px; height: auto; border-radius: 8px;\" src=\"https:\/\/m.media-amazon.com\/images\/S\/aplus-media-library-service-media\/a160fe01-f658-4cbd-8667-c099187a8806.__CR0,0,1464,600_PT0_SX1464_V1___.png\" alt=\"Product Image\" title=\"\"><img decoding=\"async\" style=\"max-width: 200px; height: auto; border-radius: 8px;\" src=\"https:\/\/m.media-amazon.com\/images\/S\/aplus-media-library-service-media\/daff53ed-41bb-4892-b491-6c352f002993.__CR0,0,1464,600_PT0_SX1464_V1___.png\" alt=\"Product Image\" title=\"\"><img decoding=\"async\" style=\"max-width: 200px; height: auto; border-radius: 8px;\" src=\"https:\/\/m.media-amazon.com\/images\/S\/aplus-media-library-service-media\/e82e85dc-0d7c-4bc1-88bd-6731a18e5e5a.__CR0,0,1464,600_PT0_SX1464_V1___.png\" alt=\"Product Image\" title=\"\"><img decoding=\"async\" style=\"max-width: 200px; height: auto; border-radius: 8px;\" src=\"https:\/\/m.media-amazon.com\/images\/S\/aplus-media-library-service-media\/f907145f-7396-487b-b87c-1365b1af823b.__CR0,0,1464,600_PT0_SX1464_V1___.png\" alt=\"Product Image\" title=\"\"><img decoding=\"async\" style=\"max-width: 200px; height: auto; border-radius: 8px;\" src=\"https:\/\/m.media-amazon.com\/images\/S\/aplus-media-library-service-media\/d3a2545a-b771-4707-aa37-eccbaa3fe30e.__CR0,0,1464,600_PT0_SX1464_V1___.png\" alt=\"Product Image\" title=\"\"><img decoding=\"async\" style=\"max-width: 200px; height: auto; border-radius: 8px;\" src=\"https:\/\/m.media-amazon.com\/images\/S\/aplus-media-library-service-media\/d7e4efdd-7ca1-45c4-a26b-398a2c4d5ca9.__CR0,0,1464,600_PT0_SX1464_V1___.png\" alt=\"Product Image\" title=\"\"><img decoding=\"async\" style=\"max-width: 200px; height: auto; border-radius: 8px;\" src=\"https:\/\/m.media-amazon.com\/images\/S\/aplus-media-library-service-media\/3712cc66-0754-4993-b24f-e0423ba37d35.__CR0,0,1464,600_PT0_SX1464_V1___.png\" alt=\"Product Image\" title=\"\"><img decoding=\"async\" style=\"max-width: 200px; height: auto; border-radius: 8px;\" src=\"https:\/\/m.media-amazon.com\/images\/S\/aplus-media-library-service-media\/a3c00d97-4b48-4d32-a6d7-441bc266d2c2.__CR0,0,1464,600_PT0_SX1464_V1___.png\" alt=\"Product Image\" title=\"\"><img decoding=\"async\" style=\"max-width: 200px; height: auto; border-radius: 8px;\" src=\"https:\/\/m.media-amazon.com\/images\/S\/aplus-media-library-service-media\/edd56635-a07d-46b8-ac73-0d7f11e7b53f.__CR0,0,1464,600_PT0_SX1464_V1___.png\" alt=\"Product Image\" title=\"\"><img decoding=\"async\" style=\"max-width: 200px; height: auto; border-radius: 8px;\" src=\"https:\/\/m.media-amazon.com\/images\/S\/aplus-media-library-service-media\/57cfcce2-1b96-42af-a127-a0eebcc86857.__CR0,0,1464,600_PT0_SX1464_V1___.jpg\" alt=\"Product Image\" title=\"\"><img decoding=\"async\" style=\"max-width: 200px; height: auto; border-radius: 8px;\" src=\"https:\/\/m.media-amazon.com\/images\/S\/aplus-media-library-service-media\/47dc2df3-88d7-4532-b476-b18ce374c193.__CR0,0,1464,600_PT0_SX1464_V1___.jpg\" alt=\"Product Image\" title=\"\"><\/div>\n<\/div>","protected":false},"excerpt":{"rendered":"<p>Info zu diesem Artikel \u30102026 Neu verbesserte R36TMAX Retro Handheld Spielkonsole\u3011Die R36TMAX 64GB ist eine verbesserte Retro Handheld Konsole mit neuen Farboptionen. Ausgestattet mit dem EmuELEC-System und einer 64GB Speicherkarte unterst\u00fctzt sie \u00fcber 18.000 Retro-Spiele. \u3010Verbesserter 4,0\u2011Zoll Gro\u00dfbildschirm\u3011Die R36TMAX Retro-Spielkonsole verf\u00fcgt \u00fcber ein 4,0\u2011Zoll IPS-Display mit 720 \u00d7 720 Pixeln Aufl\u00f6sung. Die vollfl\u00e4chig laminiierte OCA-Technologie und der gebogene CRT\u2011Style-Rahmen aus Glas erzeugen eine authentische Retro-TV-\u00c4sthetik. \u3010Mehrere Spielmodi\u3011Die verbesserte Spielkonsole bietet einen erweiterten Online-Mehrspielermodus mit 5 GHz WLAN und 2,4 GHz Funkcontroller-Unterst\u00fctzung \u2013 f\u00fcr Direktduelle und Koop-Spiele. Damit ist sie die perfekte Wahl f\u00fcr Heimunterhaltung und Retro-Spieleabende. \u3010Verbesserter Joystick &amp; dynamische RGB-Beleuchtung\u3011Ausgestattet mit einem hochpr\u00e4zisen Joystick f\u00fcr pr\u00e4zises und reaktionsschnelles Gameplay, erg\u00e4nzt durch eine RGB-Joystick-Beleuchtung mit 16 Millionen Farben und 16 einstellbaren Effekten. Die Beleuchtung l\u00e4sst sich je nach Stimmung einfach ein- oder ausschalten. \u3010Tragbares Design &amp; lange Akkulaufzeit\u3011Inklusive ma\u00dfgeschneiderter Tragetasche f\u00fcr einfachen Transport, USB Type\u2011C Ladekabel und Bedienungsanleitung f\u00fcr eine problemlose Einrichtung. Der verbesserte 4000\u2011mAh\u2011Akku erm\u00f6glicht 6\u20138 Stunden durchgehendes Spielen \u2013 f\u00fcr Spielspa\u00df jederzeit und \u00fcberall.<br \/>\n\u203a Weitere Produktdetails<\/p>","protected":false},"featured_media":23663,"comment_status":"open","ping_status":"closed","template":"","meta":{"iawp_total_views":16},"product_brand":[],"product_cat":[49],"product_tag":[440,583,476,432,458,746],"class_list":{"0":"post-23646","1":"product","2":"type-product","3":"status-publish","4":"has-post-thumbnail","6":"product_cat-retro-konsolen","7":"product_tag-classic-handheld-console","8":"product_tag-gaming-handheld","9":"product_tag-handheld","10":"product_tag-handheld-console","11":"product_tag-handheld-game-console","12":"product_tag-handheld-retro-konsole","14":"first","15":"instock","16":"shipping-taxable","17":"purchasable","18":"product-type-variable"},"_links":{"self":[{"href":"https:\/\/mygamebox.ch\/fr\/wp-json\/wp\/v2\/product\/23646","targetHints":{"allow":["GET"]}}],"collection":[{"href":"https:\/\/mygamebox.ch\/fr\/wp-json\/wp\/v2\/product"}],"about":[{"href":"https:\/\/mygamebox.ch\/fr\/wp-json\/wp\/v2\/types\/product"}],"replies":[{"embeddable":true,"href":"https:\/\/mygamebox.ch\/fr\/wp-json\/wp\/v2\/comments?post=23646"}],"wp:featuredmedia":[{"embeddable":true,"href":"https:\/\/mygamebox.ch\/fr\/wp-json\/wp\/v2\/media\/23663"}],"wp:attachment":[{"href":"https:\/\/mygamebox.ch\/fr\/wp-json\/wp\/v2\/media?parent=23646"}],"wp:term":[{"taxonomy":"product_brand","embeddable":true,"href":"https:\/\/mygamebox.ch\/fr\/wp-json\/wp\/v2\/product_brand?post=23646"},{"taxonomy":"product_cat","embeddable":true,"href":"https:\/\/mygamebox.ch\/fr\/wp-json\/wp\/v2\/product_cat?post=23646"},{"taxonomy":"product_tag","embeddable":true,"href":"https:\/\/mygamebox.ch\/fr\/wp-json\/wp\/v2\/product_tag?post=23646"}],"curies":[{"name":"wp","href":"https:\/\/api.w.org\/{rel}","templated":true}]}}