{"id":23928,"date":"2026-04-29T22:24:39","date_gmt":"2026-04-29T20:24:39","guid":{"rendered":"https:\/\/mygamebox.ch\/shop\/sony-psvita-2000-slim-konsole-mit-pkgj-store-kostenlose-spiele-64gb-128gb-speicherkarte-psv2000\/"},"modified":"2026-04-29T22:28:07","modified_gmt":"2026-04-29T20:28:07","slug":"sony-psvita-2000-slim-konsole","status":"publish","type":"product","link":"https:\/\/mygamebox.ch\/fr\/shop\/sony-psvita-2000-slim-konsole\/","title":{"rendered":"Sony PSVita 2000 Slim Konsole mit PKGJ S..."},"content":{"rendered":"<h2>Die perfekte Kombination aus Stil und Funktion<\/h2>\n<p>Die Sony PSVita 2000 Slim Konsole ist die ideale Wahl f\u00fcr Gamer, die Wert auf Stil, Performance und Mobilit\u00e4t legen. Ihr schlankes und leichtes Design macht sie zu einem m\u00fchelosen Begleiter, egal ob zuhause oder unterwegs. Mit ihrem lebendigen, hochaufl\u00f6senden 5-Zoll-LCD-Display tauchen Sie tief in Ihre Lieblingsspiele und Unterhaltungswelten ein.<\/p>\n<h2>Eingebauter PKGJ Store \u2013 Unbegrenzte Spielevielfalt<\/h2>\n<p>Genie\u00dfen Sie endlose Unterhaltung durch den vorinstallierten PKGJ Store, der Ihnen Zugriff auf eine riesige Auswahl an kostenlosen Spielen verschafft. Ganz gleich, ob Sie Retro-Klassiker oder aktuelle Hits bevorzugen \u2013 die Sony PSVita 2000 bietet f\u00fcr jeden etwas. Keine zus\u00e4tzlichen Kosten, nur pure Spielfreude!<\/p>\n<h2>Gro\u00dfer Speicherplatz f\u00fcr grenzenlose M\u00f6glichkeiten<\/h2>\n<p>Diese leistungsstarke <a href=\"https:\/\/mygamebox.ch\/fr\/product-tag\/gaming-konsole-128gb\/\" title=\"Gaming Konsole 128GB\"  data-wpil-monitor-id=\"502\">Konsole kommt mit einer 64GB oder 128GB<\/a> Speicherkarte, sodass Sie all Ihre Lieblingsspiele, Apps und Medien problemlos speichern k\u00f6nnen. Nie wieder Platzprobleme \u2013 speichern Sie, spielen Sie und genie\u00dfen Sie Ihre Inhalte stets in Reichweite.<\/p>\n<h2>Warum Sie sich f\u00fcr die Sony PSVita entscheiden sollten<\/h2>\n<p>Vertrauen Sie auf die bew\u00e4hrte Qualit\u00e4t von Sony, gepaart mit der Freiheit, umwerfende <a href=\"https:\/\/mygamebox.ch\/fr\/product-tag\/unterwegs-spielen\/\" title=\"unterwegs spielen\"  data-wpil-monitor-id=\"503\">Spiele und Unterhaltung unterwegs<\/a> zu genie\u00dfen. Diese <a href=\"https:\/\/mygamebox.ch\/fr\/product-tag\/jeux-console\/\" title=\"Console de jeux\"  data-wpil-monitor-id=\"504\">Konsole ist ideal f\u00fcr Spieler<\/a>, die h\u00f6chste Performance und praktische Features suchen, ohne Kompromisse bei Portabilit\u00e4t und Komfort einzugehen. Mit der Sony PSVita 2000 Slim erleben Sie grenzenlose Unterhaltung, wann und wo Sie m\u00f6chten!<\/p>","protected":false},"excerpt":{"rendered":"<p>Die perfekte Kombination aus Stil und Funktion Die Sony PSVita 2000 Slim Konsole ist die ideale Wahl f\u00fcr Gamer, die Wert auf Stil, Performance und Mobilit\u00e4t legen. Ihr schlankes und leichtes Design macht sie zu einem m\u00fchelosen Begleiter, egal ob zuhause oder unterwegs. Mit ihrem lebendigen, hochaufl\u00f6senden 5-Zoll-LCD-Display tauchen Sie tief in Ihre Lieblingsspiele und [&hellip;]<\/p>\n","protected":false},"featured_media":23929,"comment_status":"open","ping_status":"closed","template":"","meta":{"iawp_total_views":7},"product_brand":[910],"product_cat":[49],"product_tag":[1871,1059,1872,1870,1068,1869,1873,897,1874],"class_list":{"0":"post-23928","1":"product","2":"type-product","3":"status-publish","4":"has-post-thumbnail","6":"product_brand-sony","7":"product_cat-retro-konsolen","8":"product_tag-64gb-128gb-speicherkarte","9":"product_tag-kostenlose-spiele","10":"product_tag-pkgj-store","11":"product_tag-psv2000","12":"product_tag-psvita","13":"product_tag-psvita-2000","14":"product_tag-slim-konsole","15":"product_tag-sony","16":"product_tag-sony-psvita-2000","18":"first","19":"instock","20":"shipping-taxable","21":"purchasable","22":"product-type-variable"},"_links":{"self":[{"href":"https:\/\/mygamebox.ch\/fr\/wp-json\/wp\/v2\/product\/23928","targetHints":{"allow":["GET"]}}],"collection":[{"href":"https:\/\/mygamebox.ch\/fr\/wp-json\/wp\/v2\/product"}],"about":[{"href":"https:\/\/mygamebox.ch\/fr\/wp-json\/wp\/v2\/types\/product"}],"replies":[{"embeddable":true,"href":"https:\/\/mygamebox.ch\/fr\/wp-json\/wp\/v2\/comments?post=23928"}],"wp:featuredmedia":[{"embeddable":true,"href":"https:\/\/mygamebox.ch\/fr\/wp-json\/wp\/v2\/media\/23929"}],"wp:attachment":[{"href":"https:\/\/mygamebox.ch\/fr\/wp-json\/wp\/v2\/media?parent=23928"}],"wp:term":[{"taxonomy":"product_brand","embeddable":true,"href":"https:\/\/mygamebox.ch\/fr\/wp-json\/wp\/v2\/product_brand?post=23928"},{"taxonomy":"product_cat","embeddable":true,"href":"https:\/\/mygamebox.ch\/fr\/wp-json\/wp\/v2\/product_cat?post=23928"},{"taxonomy":"product_tag","embeddable":true,"href":"https:\/\/mygamebox.ch\/fr\/wp-json\/wp\/v2\/product_tag?post=23928"}],"curies":[{"name":"wp","href":"https:\/\/api.w.org\/{rel}","templated":true}]}}