{"id":24027,"date":"2026-04-30T05:41:39","date_gmt":"2026-04-30T03:41:39","guid":{"rendered":"https:\/\/mygamebox.ch\/shop\/nintendo-3ds-3dsxl-handheld-spielekonsole-inkl-kostenlose-spiele-3ds-tragbare-version\/"},"modified":"2026-04-30T05:58:02","modified_gmt":"2026-04-30T03:58:02","slug":"nintendo-3ds-3dsxl-handheld","status":"publish","type":"product","link":"https:\/\/mygamebox.ch\/fr\/shop\/nintendo-3ds-3dsxl-handheld\/","title":{"rendered":"Nintendo 3DS 3DSXL Handheld Spielekonsol..."},"content":{"rendered":"<h2>Die ideale tragbare Spielkonsole f\u00fcr Gaming unterwegs<\/h2>\n<p>Die Nintendo 3DS 3DSXL Handheld Spielekonsole ist die perfekte Wahl f\u00fcr alle, die Gaming immer und \u00fcberall genie\u00dfen m\u00f6chten. Dank ihres tragbaren Designs passt sie problemlos in Ihre Tasche und wird Ihr verl\u00e4sslicher Begleiter, egal ob auf Reisen, zu Hause oder unterwegs. Mit einer gr\u00f6\u00dferen Bildschirmgr\u00f6\u00dfe der XL-Version wird Ihr Spielerlebnis auf ein v\u00f6llig neues Level gehoben.<\/p>\n<h2>Inklusive kostenloser Spiele f\u00fcr noch mehr Spa\u00df<\/h2>\n<p>Le site <a href=\"https:\/\/mygamebox.ch\/fr\/shop\/sony-psvita-2000-slim-konsole\/\" title=\"Sony PSVita 2000 Slim Konsole mit PKGJ S...\"  data-wpil-monitor-id=\"510\">Konsole wird mit einer Sammlung kostenloser Spiele<\/a> geliefert, sodass Sie nach dem Auspacken sofort loslegen k\u00f6nnen. Ob Abenteuer, Action oder Puzzle \u2013 mit der Nintendo 3DSXL k\u00f6nnen Sie eine Vielzahl an Spielen entdecken, die sowohl f\u00fcr Kinder als auch f\u00fcr Erwachsene geeignet sind. Das breite Spieleangebot sorgt f\u00fcr abwechslungsreichen Spielespa\u00df und unendliche Unterhaltung.<\/p>\n<h2>Hochwertige Leistung in einem tragbaren Format<\/h2>\n<p>Das innovative 3D-Feature der Nintendo 3DS bringt eine immersive Dimension in Ihr Spielerlebnis \u2013 ohne dass Sie eine spezielle Brille ben\u00f6tigen. Die Benutzerfreundlichkeit, lange Akkulaufzeit und ergonomisches Design gew\u00e4hrleisten entspanntes und komfortables Spielen, selbst \u00fcber l\u00e4ngere Zeitr\u00e4ume. Das System erm\u00f6glicht zudem eine nahtlose Vernetzung, drahtloses Gameplay und die M\u00f6glichkeit, aus einer umfangreichen Bibliothek an Spielen auszuw\u00e4hlen.<\/p>","protected":false},"excerpt":{"rendered":"<p>Die ideale tragbare Spielkonsole f\u00fcr Gaming unterwegs Die Nintendo 3DS 3DSXL Handheld Spielekonsole ist die perfekte Wahl f\u00fcr alle, die Gaming immer und \u00fcberall genie\u00dfen m\u00f6chten. Dank ihres tragbaren Designs passt sie problemlos in Ihre Tasche und wird Ihr verl\u00e4sslicher Begleiter, egal ob auf Reisen, zu Hause oder unterwegs. Mit einer gr\u00f6\u00dferen Bildschirmgr\u00f6\u00dfe der XL-Version [&hellip;]<\/p>\n","protected":false},"featured_media":24028,"comment_status":"open","ping_status":"closed","template":"","meta":{"iawp_total_views":31},"product_brand":[276],"product_cat":[49],"product_tag":[583,476,902,432,1309,572,1059,1057,1085],"class_list":{"0":"post-24027","1":"product","2":"type-product","3":"status-publish","4":"has-post-thumbnail","6":"product_brand-nintendo","7":"product_cat-retro-konsolen","8":"product_tag-gaming-handheld","9":"product_tag-handheld","10":"product_tag-handheld-arcade-spielekonsole","11":"product_tag-handheld-console","12":"product_tag-handheld-retro-spielekonsole","13":"product_tag-handheld-spielekonsole","14":"product_tag-kostenlose-spiele","15":"product_tag-nintendo-3ds","16":"product_tag-nintendo-3ds-xl-ll","18":"first","19":"instock","20":"shipping-taxable","21":"purchasable","22":"product-type-variable"},"_links":{"self":[{"href":"https:\/\/mygamebox.ch\/fr\/wp-json\/wp\/v2\/product\/24027","targetHints":{"allow":["GET"]}}],"collection":[{"href":"https:\/\/mygamebox.ch\/fr\/wp-json\/wp\/v2\/product"}],"about":[{"href":"https:\/\/mygamebox.ch\/fr\/wp-json\/wp\/v2\/types\/product"}],"replies":[{"embeddable":true,"href":"https:\/\/mygamebox.ch\/fr\/wp-json\/wp\/v2\/comments?post=24027"}],"wp:featuredmedia":[{"embeddable":true,"href":"https:\/\/mygamebox.ch\/fr\/wp-json\/wp\/v2\/media\/24028"}],"wp:attachment":[{"href":"https:\/\/mygamebox.ch\/fr\/wp-json\/wp\/v2\/media?parent=24027"}],"wp:term":[{"taxonomy":"product_brand","embeddable":true,"href":"https:\/\/mygamebox.ch\/fr\/wp-json\/wp\/v2\/product_brand?post=24027"},{"taxonomy":"product_cat","embeddable":true,"href":"https:\/\/mygamebox.ch\/fr\/wp-json\/wp\/v2\/product_cat?post=24027"},{"taxonomy":"product_tag","embeddable":true,"href":"https:\/\/mygamebox.ch\/fr\/wp-json\/wp\/v2\/product_tag?post=24027"}],"curies":[{"name":"wp","href":"https:\/\/api.w.org\/{rel}","templated":true}]}}