{"id":24282,"date":"2026-05-13T14:06:40","date_gmt":"2026-05-13T12:06:40","guid":{"rendered":"https:\/\/mygamebox.ch\/shop\/bitfunx-ersatzgehaeuse-transparente-schutzhuelle-fuer-nes-nintendo-entertainment-system-konsole\/"},"modified":"2026-05-13T14:10:34","modified_gmt":"2026-05-13T12:10:34","slug":"bitfunx-ersatzgehaeuse-fuer-nes-nintendo","status":"publish","type":"product","link":"https:\/\/mygamebox.ch\/fr\/shop\/bitfunx-ersatzgehaeuse-fuer-nes-nintendo\/","title":{"rendered":"Bo\u00eetier de remplacement Bitfunx Bo\u00eetier transparent..."},"content":{"rendered":"<h2>Prot\u00e9gez votre console NES avec style<\/h2>\n<p>Le site <strong>Bo\u00eetier de remplacement Bitfunx Housse de protection transparente<\/strong> est la solution parfaite pour prot\u00e9ger votre console Nintendo Entertainment System (NES) de la poussi\u00e8re, des rayures et de l'usure - sans pour autant renoncer \u00e0 l'esth\u00e9tique. Cette housse transparente pr\u00e9serve non seulement l'aspect classique de votre console de jeu r\u00e9tro, mais lui conf\u00e8re \u00e9galement une touche moderne et \u00e9l\u00e9gante.<\/p>\n<h2>Ajustement parfait et finition de qualit\u00e9<\/h2>\n<p>Ce bo\u00eetier de remplacement a \u00e9t\u00e9 sp\u00e9cialement con\u00e7u pour la console NES et garantit une finition parfaitement adapt\u00e9e. Son design pr\u00e9cis permet un montage facile, de sorte que vous pouvez prot\u00e9ger votre console rapidement et facilement. La construction en plastique de haute qualit\u00e9 est durable et garantit une protection pour de nombreuses ann\u00e9es.<\/p>\n<h2>\u00c9l\u00e9gance transparente pour les fans du r\u00e9tro<\/h2>\n<p>La version transparente fait briller compl\u00e8tement le look embl\u00e9matique de votre console NES. Que vous soyez un collectionneur ou un joueur passionn\u00e9, le bo\u00eetier de remplacement Bitfunx permet \u00e0 votre console de rester \u00e0 la pointe de la technologie, tant sur le plan fonctionnel qu'esth\u00e9tique. C'est le choix id\u00e9al pour conserver et pr\u00e9senter votre pr\u00e9cieuse technologie r\u00e9tro en toute s\u00e9curit\u00e9.<\/p>\n<h2>Pourquoi choisir Bitfunx ?<\/h2>\n<p>Bitfunx est une marque de confiance d'accessoires de jeu r\u00e9tro qui s'engage \u00e0 fournir qualit\u00e9 et fiabilit\u00e9. Avec ce bo\u00eetier de remplacement, vous faites un choix judicieux pour maximiser la valeur et la long\u00e9vit\u00e9 de votre console NES. Commandez d\u00e8s aujourd'hui et offrez \u00e0 votre console la protection qu'elle m\u00e9rite !<\/p>","protected":false},"excerpt":{"rendered":"<p>Sch\u00fctzen Sie Ihre NES-Konsole mit Stil Das Bitfunx Ersatzgeh\u00e4use Transparente Schutzh\u00fclle ist die perfekte L\u00f6sung, um Ihre Nintendo Entertainment System (NES) Konsole vor Staub, Kratzern und Verschlei\u00df zu sch\u00fctzen \u2013 ohne auf \u00c4sthetik zu verzichten. Diese transparente H\u00fclle bewahrt nicht nur die klassische Optik Ihrer Retro-Gaming-Konsole, sondern verleiht ihr auch eine moderne und elegante Note. [&hellip;]<\/p>\n","protected":false},"featured_media":24283,"comment_status":"open","ping_status":"closed","template":"","meta":{"iawp_total_views":48},"product_brand":[1990],"product_cat":[52,50],"product_tag":[300,1986,1985,319,1984,1858],"class_list":{"0":"post-24282","1":"product","2":"type-product","3":"status-publish","4":"has-post-thumbnail","6":"product_brand-bitfunx","7":"product_cat-gadgets-tech","8":"product_cat-retro-zubehor","9":"product_tag-bitfunx","10":"product_tag-ersatzgehaeuse","11":"product_tag-nes-nintendo-entertainment-system-konsole","12":"product_tag-nintendo","13":"product_tag-schutzhuelle-fuer-nes-nintendo","14":"product_tag-transparent","16":"first","17":"instock","18":"shipping-taxable","19":"purchasable","20":"product-type-variable"},"_links":{"self":[{"href":"https:\/\/mygamebox.ch\/fr\/wp-json\/wp\/v2\/product\/24282","targetHints":{"allow":["GET"]}}],"collection":[{"href":"https:\/\/mygamebox.ch\/fr\/wp-json\/wp\/v2\/product"}],"about":[{"href":"https:\/\/mygamebox.ch\/fr\/wp-json\/wp\/v2\/types\/product"}],"replies":[{"embeddable":true,"href":"https:\/\/mygamebox.ch\/fr\/wp-json\/wp\/v2\/comments?post=24282"}],"wp:featuredmedia":[{"embeddable":true,"href":"https:\/\/mygamebox.ch\/fr\/wp-json\/wp\/v2\/media\/24283"}],"wp:attachment":[{"href":"https:\/\/mygamebox.ch\/fr\/wp-json\/wp\/v2\/media?parent=24282"}],"wp:term":[{"taxonomy":"product_brand","embeddable":true,"href":"https:\/\/mygamebox.ch\/fr\/wp-json\/wp\/v2\/product_brand?post=24282"},{"taxonomy":"product_cat","embeddable":true,"href":"https:\/\/mygamebox.ch\/fr\/wp-json\/wp\/v2\/product_cat?post=24282"},{"taxonomy":"product_tag","embeddable":true,"href":"https:\/\/mygamebox.ch\/fr\/wp-json\/wp\/v2\/product_tag?post=24282"}],"curies":[{"name":"wp","href":"https:\/\/api.w.org\/{rel}","templated":true}]}}