{"id":24478,"date":"2026-05-15T09:15:01","date_gmt":"2026-05-15T07:15:01","guid":{"rendered":"https:\/\/mygamebox.ch\/shop\/8bitdo-n30-2-4g-wireless-gamepad-fuer-original-nes\/"},"modified":"2026-05-15T09:23:25","modified_gmt":"2026-05-15T07:23:25","slug":"8bitdo-n30-2-4g-gamepad-sans-fil-pour-nes-original","status":"publish","type":"product","link":"https:\/\/mygamebox.ch\/fr\/shop\/8bitdo-n30-2-4g-wireless-gamepad-fuer-original-nes\/","title":{"rendered":"8BitDo N30 2.4G Wireless Gamepad pour Or..."},"content":{"rendered":"<h3 data-pm-slice=\"1 1 []\">Wireless Gamepad f\u00fcr Original NES<\/h3>\n<p data-pm-slice=\"1 1 []\">Erleben Sie Gaming neu mit dem 8BitDo N30 2.4G Wireless Gamepad f\u00fcr das Original NES. Schluss mit Kabelsalat und eingeschr\u00e4nkter Bewegungsfreiheit \u2013 dank der kabellosen 2.4G-Technologie genie\u00dfen Sie grenzenlosen Spielspa\u00df ohne Verz\u00f6gerungen. Das klassische Design trifft auf moderne Technik, sodass Sie Ihre Lieblingsspiele so authentisch wie nie zuvor erleben k\u00f6nnen. Dieses Gamepad bietet nicht nur Komfort und Pr\u00e4zision, sondern auch eine einfache Verbindung zu Ihrem NES-System. Verpassen Sie nicht die Chance, Ihr Gaming-Erlebnis auf das n\u00e4chste Level zu heben. Holen Sie sich jetzt das 8BitDo N30 Wireless Gamepad und tauchen Sie ein in die Welt der Retro-Spiele \u2013 ganz ohne Kompromisse!<\/p>","protected":false},"excerpt":{"rendered":"<p>Wireless Gamepad f\u00fcr Original NES Erleben Sie Gaming neu mit dem 8BitDo N30 2.4G Wireless Gamepad f\u00fcr das Original NES. Schluss mit Kabelsalat und eingeschr\u00e4nkter Bewegungsfreiheit \u2013 dank der kabellosen 2.4G-Technologie genie\u00dfen Sie grenzenlosen Spielspa\u00df ohne Verz\u00f6gerungen. Das klassische Design trifft auf moderne Technik, sodass Sie Ihre Lieblingsspiele so authentisch wie nie zuvor erleben k\u00f6nnen. [&hellip;]<\/p>\n","protected":false},"featured_media":24479,"comment_status":"open","ping_status":"closed","template":"","meta":{"iawp_total_views":11},"product_brand":[2032,276],"product_cat":[50],"product_tag":[2034,2035,321,333,319,2033,2036],"class_list":{"0":"post-24478","1":"product","2":"type-product","3":"status-publish","4":"has-post-thumbnail","6":"product_brand-8bitdo","7":"product_brand-nintendo","8":"product_cat-retro-zubehor","9":"product_tag-8bitdo","10":"product_tag-8bitdo-n30","11":"product_tag-gamepad","12":"product_tag-nes","13":"product_tag-nintendo","14":"product_tag-original-nes","15":"product_tag-wireless-gamepad","17":"first","18":"instock","19":"shipping-taxable","20":"purchasable","21":"product-type-simple"},"_links":{"self":[{"href":"https:\/\/mygamebox.ch\/fr\/wp-json\/wp\/v2\/product\/24478","targetHints":{"allow":["GET"]}}],"collection":[{"href":"https:\/\/mygamebox.ch\/fr\/wp-json\/wp\/v2\/product"}],"about":[{"href":"https:\/\/mygamebox.ch\/fr\/wp-json\/wp\/v2\/types\/product"}],"replies":[{"embeddable":true,"href":"https:\/\/mygamebox.ch\/fr\/wp-json\/wp\/v2\/comments?post=24478"}],"wp:featuredmedia":[{"embeddable":true,"href":"https:\/\/mygamebox.ch\/fr\/wp-json\/wp\/v2\/media\/24479"}],"wp:attachment":[{"href":"https:\/\/mygamebox.ch\/fr\/wp-json\/wp\/v2\/media?parent=24478"}],"wp:term":[{"taxonomy":"product_brand","embeddable":true,"href":"https:\/\/mygamebox.ch\/fr\/wp-json\/wp\/v2\/product_brand?post=24478"},{"taxonomy":"product_cat","embeddable":true,"href":"https:\/\/mygamebox.ch\/fr\/wp-json\/wp\/v2\/product_cat?post=24478"},{"taxonomy":"product_tag","embeddable":true,"href":"https:\/\/mygamebox.ch\/fr\/wp-json\/wp\/v2\/product_tag?post=24478"}],"curies":[{"name":"wp","href":"https:\/\/api.w.org\/{rel}","templated":true}]}}