{"id":5662,"date":"2025-05-19T02:18:58","date_gmt":"2025-05-19T00:18:58","guid":{"rendered":"https:\/\/mygamebox.ch\/shop\/anbernic-rg552-handheld-spielekonsole-android-linux-dual-system-retro-videospiel-player-mit-integrierten-4000-spielen\/"},"modified":"2026-04-13T11:25:45","modified_gmt":"2026-04-13T09:25:45","slug":"anbernic-rg552-console-de-jeux-portable-android-linux","status":"publish","type":"product","link":"https:\/\/mygamebox.ch\/fr\/shop\/anbernic-rg552-handheld-spielekonsole-android-linux\/","title":{"rendered":"ANBERNIC RG552 Console portable Android ..."},"content":{"rendered":"<div class=\"product-specs-list-container\">\n<ul class=\"product-specs-list util-clearfix\">\n<li class=\"product-prop line-limit-length\"><span class=\"property-title\">Motion-sensing technologie:\u00a0<\/span><span class=\"property-desc line-limit-length\">Handheld<\/span><\/li>\n<li class=\"product-prop line-limit-length\"><span class=\"property-title\">Spiele Typ:\u00a0<\/span><span class=\"property-desc line-limit-length\">Handheld<\/span><\/li>\n<li class=\"product-prop line-limit-length\"><span class=\"property-title\">Empfohlen alter:\u00a0<\/span><span class=\"property-desc line-limit-length\">12-60<\/span><\/li>\n<li class=\"product-prop line-limit-length\"><span class=\"property-title\">Material:\u00a0<\/span><span class=\"property-desc line-limit-length\">ABS<\/span><\/li>\n<li class=\"product-prop line-limit-length\"><span class=\"property-title\">Speicher: <\/span><span class=\"property-desc line-limit-length\">512GB<\/span><\/li>\n<li class=\"product-prop line-limit-length\"><span class=\"property-title\">Batterie Kapazit\u00e4t [mAh]:\u00a0<\/span><span class=\"property-desc line-limit-length\">3200mAh<\/span><\/li>\n<li class=\"product-prop line-limit-length\"><span class=\"property-title\">Datenspeicherkapazit\u00e4t:\u00a0<\/span><span class=\"property-desc line-limit-length\">4GB<\/span><\/li>\n<li class=\"product-prop line-limit-length\"><span class=\"property-title\">Inklusive Spiele:\u00a0<\/span><span class=\"property-desc line-limit-length\">4000+<\/span><\/li>\n<li class=\"product-prop line-limit-length\"><span class=\"property-title\">Kategorie:\u00a0<\/span><span class=\"property-desc line-limit-length\">Handheld Spiel Spieler<\/span><\/li>\n<li class=\"product-prop line-limit-length\"><span class=\"property-title\">HDMI:\u00a0<\/span><span class=\"property-desc line-limit-length\">Micro HDM<\/span><\/li>\n<li class=\"product-prop line-limit-length\"><span class=\"property-title\">Display: <\/span><span class=\"property-desc line-limit-length\">1920&#215;1152<\/span><\/li>\n<li class=\"product-prop line-limit-length\"><span class=\"property-title\">Art: <\/span><span class=\"property-desc line-limit-length\">IPS<\/span><\/li>\n<li class=\"product-prop line-limit-length\"><span class=\"property-title\">Betriebssystem:\u00a0<\/span><span class=\"property-desc line-limit-length\">Android<\/span><\/li>\n<li class=\"product-prop line-limit-length\"><span class=\"property-title\">Sprache: <\/span><span class=\"property-desc line-limit-length\">French,Spanisch,Portugiesisch,english,Koreanisch,Latin Amerikanischen Spanisch,Brasilianisches Portugiesisch,Vereinfachtes Chinesisch<\/span><\/li>\n<li class=\"product-prop line-limit-length\"><span class=\"property-title\">Touch Screen:\u00a0<\/span><span class=\"property-desc line-limit-length\">Ja<\/span><\/li>\n<li class=\"product-prop line-limit-length\"><span class=\"property-title\">Farbbildschirm:\u00a0<\/span><span class=\"property-desc line-limit-length\">Ja<\/span><\/li>\n<li class=\"product-prop line-limit-length\"><span class=\"property-title\">Markenname:\u00a0<\/span><span class=\"property-desc line-limit-length\">Anbernic<\/span><\/li>\n<li class=\"product-prop line-limit-length\"><span class=\"property-title\"><a title=\"ANBERNIC RG552\" href=\"https:\/\/mygamebox.ch\/product-tag\/anbernic-rg552\/\" data-wpil-monitor-id=\"106\">Anbernic Modell:\u00a0<\/a><\/span><span class=\"property-desc line-limit-length\">Rg552<\/span><\/li>\n<li class=\"product-prop line-limit-length\"><span class=\"property-title\">Ursprung:\u00a0<\/span><span class=\"property-desc line-limit-length\">CN (Herkunft)<\/span><\/li>\n<li class=\"product-prop line-limit-length\"><span class=\"property-title\">Bildschirmgr\u00f6\u00dfe:\u00a0<\/span><span class=\"property-desc line-limit-length\">5.36&#187;<\/span><\/li>\n<\/ul>\n<\/div>\n<div>\n<h2>ANBERNIC RG552 Handheld-Spielekonsole &#8211; Dein Tor zur Retro-Gaming-Welt<\/h2>\n<p>Erlebe Gaming-Neuinterpretation auf h\u00f6chstem Niveau mit der <strong>ANBERNIC RG552<\/strong>, einer einzigartigen <strong>Handheld-Spielekonsole<\/strong>, die sowohl Android als auch Linux als Dual-System unterst\u00fctzt. Dieses Kraftpaket wurde speziell entwickelt, um Retro-Spielkulturen in deine H\u00e4nde zu bringen &#8211; und das mit einem unglaublichen Repertoire von <strong>\u00fcber 4000 vorinstallierten Klassikern<\/strong>.<\/p>\n<h3>Warum die RG552? Ein hybrides Erlebnis f\u00fcr wahre Spieler<\/h3>\n<ul>\n<li><strong>Dual-Betriebssystem:<\/strong> Nutze flexibel zwischen Android und Linux, um Spiele aus verschiedensten Quellen zu spielen und deine Lieblings-Emulatoren zu starten.<\/li>\n<li><strong>Ausgezeichnete Hardware:<\/strong> Ein hochaufl\u00f6sendes Display kombiniert mit einem leistungsf\u00e4higen Prozessor garantiert fl\u00fcssiges Gameplay und brillanten Retro-Grafikgenuss.<\/li>\n<li><strong>Vielf\u00e4ltige Spielbibliothek:<\/strong> Mit \u00fcber 4000 <a title=\"Mini Retro Handheld Spielkonsole mit 400...\" href=\"https:\/\/mygamebox.ch\/shop\/mini-retro-handheld-game-console-built-in-400-fc-games\/\" data-wpil-monitor-id=\"105\">integrierten Spielen &#8211; von klassischen<\/a> Arcade-Hits bis zu zeitlosen Konsolenklassikern &#8211; erwartet dich ein Spielespa\u00df ohne Ende.<\/li>\n<li><strong>Einfache Bedienung:<\/strong> Ergonomisches Handheld-Design mit pr\u00e4ziser Steuerung, die perfekte Balance zwischen Nostalgie und modernem Komfort.<\/li>\n<li><strong>Flexible Anschlussm\u00f6glichkeiten:<\/strong> HDMI-Ausgang erm\u00f6glicht es dir, deine Lieblingsspiele auch auf dem gro\u00dfen Bildschirm zu genie\u00dfen.<\/li>\n<\/ul>\n<h3>Mehr als nur Gaming &#8211; eine vollumf\u00e4ngliche Retro-Erfahrung<\/h3>\n<p>Die <strong>ANBERNIC RG552<\/strong> ist mehr als ein Ger\u00e4t &#8211; sie ist eine Zeitmaschine, die dich in die goldenen Tage des Gaming zur\u00fcckversetzt, ohne auf heutige Technologie verzichten zu m\u00fcssen. Entdecke die Freiheit, sowohl unterwegs als auch zu Hause deine Lieblingsspiele aus unterschiedlichen Systemen zocken zu k\u00f6nnen. Ob du nun den Charme von pixeligen Klassikern neu erleben oder verborgene Perlen entdecken m\u00f6chtest, die RG552 bietet dir das perfekte Setup.<\/p>\n<p><strong>Tauche ein in die <a title=\"Die nostalgische Welt der Retro-Spiele: ...\" href=\"https:\/\/mygamebox.ch\/die-nostalgische-welt-der-retro-spiele-eine-reise-in-die-vergangenheit\/\" data-wpil-monitor-id=\"107\">Welt der Retro-Spiele<\/a>, neu definiert f\u00fcr das 21. Jahrhundert &#8211; mit der ANBERNIC RG552!<\/strong><\/p>\n<\/div>\n","protected":false},"excerpt":{"rendered":"<p>L'ANBERNIC RG552 est une console de jeu portable polyvalente qui prend en charge deux syst\u00e8mes (Android et Linux) et red\u00e9finit le r\u00e9trogaming. Avec 4000 classiques pr\u00e9install\u00e9s, elle offre un plaisir de jeu imm\u00e9diat sans effort suppl\u00e9mentaire. Son processeur puissant et son \u00e9cran haute r\u00e9solution garantissent un gameplay fluide et un affichage graphique brillant. Gr\u00e2ce \u00e0 ses nombreuses possibilit\u00e9s de connexion et \u00e0 sa compatibilit\u00e9 d'\u00e9mulation \u00e9tendue, elle est id\u00e9ale pour les amateurs de jeux r\u00e9tro et les joueurs modernes qui recherchent une exp\u00e9rience de jeu sans limite lors de leurs d\u00e9placements. Un appareil unique qui allie parfaitement nostalgie et avenir.<\/p>","protected":false},"featured_media":5663,"comment_status":"open","ping_status":"closed","template":"","meta":{"iawp_total_views":285},"product_brand":[],"product_cat":[49],"product_tag":[745,740,743,744,478,583,746,572,646,554,708,747,433,739,514],"class_list":{"0":"post-5662","1":"product","2":"type-product","3":"status-publish","4":"has-post-thumbnail","6":"product_cat-retro-konsolen","7":"product_tag-4000-spiele","8":"product_tag-anbernic-rg552","9":"product_tag-android-spielekonsole","10":"product_tag-dual-system-spielekonsole","11":"product_tag-emulator-konsole","12":"product_tag-gaming-handheld","13":"product_tag-handheld-retro-konsole","14":"product_tag-handheld-spielekonsole","15":"product_tag-integrierte-spiele","16":"product_tag-linux-spielekonsole","17":"product_tag-mobile-spielekonsole","18":"product_tag-multifunktionale-spielekonsole","19":"product_tag-retro-gaming","20":"product_tag-retro-videospiel-player","21":"product_tag-tragbare-spielekonsole","23":"first","24":"instock","25":"shipping-taxable","26":"purchasable","27":"product-type-variable"},"_links":{"self":[{"href":"https:\/\/mygamebox.ch\/fr\/wp-json\/wp\/v2\/product\/5662","targetHints":{"allow":["GET"]}}],"collection":[{"href":"https:\/\/mygamebox.ch\/fr\/wp-json\/wp\/v2\/product"}],"about":[{"href":"https:\/\/mygamebox.ch\/fr\/wp-json\/wp\/v2\/types\/product"}],"replies":[{"embeddable":true,"href":"https:\/\/mygamebox.ch\/fr\/wp-json\/wp\/v2\/comments?post=5662"}],"wp:featuredmedia":[{"embeddable":true,"href":"https:\/\/mygamebox.ch\/fr\/wp-json\/wp\/v2\/media\/5663"}],"wp:attachment":[{"href":"https:\/\/mygamebox.ch\/fr\/wp-json\/wp\/v2\/media?parent=5662"}],"wp:term":[{"taxonomy":"product_brand","embeddable":true,"href":"https:\/\/mygamebox.ch\/fr\/wp-json\/wp\/v2\/product_brand?post=5662"},{"taxonomy":"product_cat","embeddable":true,"href":"https:\/\/mygamebox.ch\/fr\/wp-json\/wp\/v2\/product_cat?post=5662"},{"taxonomy":"product_tag","embeddable":true,"href":"https:\/\/mygamebox.ch\/fr\/wp-json\/wp\/v2\/product_tag?post=5662"}],"curies":[{"name":"wp","href":"https:\/\/api.w.org\/{rel}","templated":true}]}}