{"id":5674,"date":"2025-05-19T06:11:41","date_gmt":"2025-05-19T04:11:41","guid":{"rendered":"https:\/\/mygamebox.ch\/shop\/anbernic-rg40xxv-retro-handheld-spielekonsole-4-ips-bildschirm-rgb-joystick-video-e-book-player-mit-wifi-streaming-und-hdmi-ausgang\/"},"modified":"2026-04-13T07:05:17","modified_gmt":"2026-04-13T05:05:17","slug":"anbernic-rg40xxv-retro-handheld-spielekonsole-4-ips-bildschirm-rgb-joystick-video-e-book-player-mit-wifi-streaming-und-hdmi-ausgang","status":"publish","type":"product","link":"https:\/\/mygamebox.ch\/fr\/shop\/anbernic-rg40xxv-retro-handheld-spielekonsole-4-ips-bildschirm-rgb-joystick-video-e-book-player-mit-wifi-streaming-und-hdmi-ausgang\/","title":{"rendered":"ANBERNIC RG40XXV Coque de jeu portable retro..."},"content":{"rendered":"<div class=\"product-specs-list-container\">\n<ul class=\"product-specs-list util-clearfix\">\n<li class=\"product-prop line-limit-length\"><span class=\"property-title\">Motion-sensing technologie:\u00a0<\/span><span class=\"property-desc line-limit-length\">Handheld<\/span><\/li>\n<li class=\"product-prop line-limit-length\"><span class=\"property-title\">Spiele Typ:\u00a0<\/span><span class=\"property-desc line-limit-length\">Handheld Game Console<\/span><\/li>\n<li class=\"product-prop line-limit-length\"><span class=\"property-title\">Erweiterbar lagerung:\u00a0<\/span><span class=\"property-desc line-limit-length\">512GB<\/span><\/li>\n<li class=\"product-prop line-limit-length\"><span class=\"property-title\">Eingang\/Ausgang:\u00a0<\/span><span class=\"property-desc line-limit-length\">HDMI<\/span><\/li>\n<li class=\"product-prop line-limit-length\"><span class=\"property-title\">Batterie Kapazit\u00e4t [mAh]:\u00a0<\/span><span class=\"property-desc line-limit-length\">3200mAh<\/span><\/li>\n<li class=\"product-prop line-limit-length\"><span class=\"property-title\">Bluetooth-kompatibel:\u00a0<\/span><span class=\"property-desc line-limit-length\">YES<\/span><\/li>\n<li class=\"product-prop line-limit-length\"><span class=\"property-title\">Datenspeicherkapazit\u00e4t:\u00a0<\/span><span class=\"property-desc line-limit-length\">64GB<\/span><\/li>\n<li class=\"product-prop line-limit-length\"><span class=\"property-title\">Inklusive Spiele:\u00a0<\/span><span class=\"property-desc line-limit-length\">5K-11K<\/span><\/li>\n<li class=\"product-prop line-limit-length\"><span class=\"property-title\">Kategorie:\u00a0<\/span><span class=\"property-desc line-limit-length\">Handheld Spiel Spieler<\/span><\/li>\n<li class=\"product-prop line-limit-length\"><span class=\"property-title\">Display: <\/span><span class=\"property-desc line-limit-length\">640&#215;480<\/span><\/li>\n<li class=\"product-prop line-limit-length\"><span class=\"property-title\">Art: <\/span><span class=\"property-desc line-limit-length\">IPS<\/span><\/li>\n<li class=\"product-prop line-limit-length\"><span class=\"property-title\">Betriebssystem:\u00a0<\/span><span class=\"property-desc line-limit-length\">Linux<\/span><\/li>\n<li class=\"product-prop line-limit-length\"><span class=\"property-title\">Sprache: <\/span><span class=\"property-desc line-limit-length\">Japanisch,French,Deutsch,Russisch,english,Koreanisch,Latin Amerikanischen Spanisch,Brasilianisches Portugiesisch,Vereinfachtes Chinesisch<\/span><\/li>\n<li class=\"product-prop line-limit-length\"><span class=\"property-title\">Kommunikation:\u00a0<\/span><span class=\"property-desc line-limit-length\">Wi-Fi<\/span><\/li>\n<li class=\"product-prop line-limit-length\"><span class=\"property-title\">Farbbildschirm:\u00a0<\/span><span class=\"property-desc line-limit-length\">Ja<\/span><\/li>\n<li class=\"product-prop line-limit-length\"><span class=\"property-title\">Markenname:\u00a0<\/span><span class=\"property-desc line-limit-length\">Anbernic<\/span><\/li>\n<li class=\"product-prop line-limit-length\"><span class=\"property-title\">Anbernic Modell:\u00a0<\/span><span class=\"property-desc line-limit-length\">Rg40xx v<\/span><\/li>\n<li class=\"product-prop line-limit-length\"><span class=\"property-title\">Ursprung:\u00a0<\/span><span class=\"property-desc line-limit-length\">CN (Herkunft)<\/span><\/li>\n<li class=\"product-prop line-limit-length\"><span class=\"property-title\">Bildschirmgr\u00f6\u00dfe:\u00a0<\/span><span class=\"property-desc line-limit-length\">4.0&#8243;<\/span><\/li>\n<li class=\"product-prop line-limit-length\"><span class=\"property-title\">WIFI:\u00a0<\/span><span class=\"property-desc line-limit-length\">YES<\/span><\/li>\n<li class=\"product-prop line-limit-length\"><span class=\"property-title\">CPU:\u00a0<\/span><span class=\"property-desc line-limit-length\">H700 quad-core ARM Cortex-A53, 1.5GHz frequency<\/span><\/li>\n<li class=\"product-prop line-limit-length\"><span class=\"property-title\">GPU:\u00a0<\/span><span class=\"property-desc line-limit-length\">Dual- core G31 MP2<\/span><\/li>\n<li class=\"product-prop line-limit-length\"><span class=\"property-title\">RAM:\u00a0<\/span><span class=\"property-desc line-limit-length\">LPDDR4 1GB<\/span><\/li>\n<li class=\"product-prop line-limit-length\"><span class=\"property-title\"><a title=\"M8 2.4G Dual Wireless Controller Retro S...\" href=\"https:\/\/mygamebox.ch\/shop\/m8-2-4g-dual-wireless-controller-64gb-storage-retro-konsole\/\" data-wpil-monitor-id=\"108\">Storage:\u00a0<\/a><\/span><span class=\"property-desc line-limit-length\">64GB TF\/MicroSD<\/span><\/li>\n<li class=\"product-prop line-limit-length\"><span class=\"property-title\">Speaker:\u00a0<\/span><span class=\"property-desc line-limit-length\">High-fidelity speaker<\/span><\/li>\n<li class=\"product-prop line-limit-length\"><span class=\"property-title\">Battery:\u00a0<\/span><span class=\"property-desc line-limit-length\">Li-polymer<\/span><\/li>\n<li class=\"product-prop line-limit-length\"><span class=\"property-title\">Charging:\u00a0<\/span><span class=\"property-desc line-limit-length\">5V\/1.5A, support C2C charger<\/span><\/li>\n<\/ul>\n<\/div>\n<div>\n<h2>ANBERNIC RG40XXV Retro Handheld-Spielekonsole<\/h2>\n<p>Erleben Sie die perfekte Symbiose aus Nostalgie und moderner Technik mit der <strong><a href=\"https:\/\/mygamebox.ch\/shop\/anbernic-rg34xx-retro-handheld-spielekonsole-34-zoll-ips-linux-64-bit-3500-mah-video-gaming-player-unterstuetzt-das-streaming-von-wlan-und-bluetooth\/\" title=\"ANBERNIC RG34XX Retro Handheld Gaming Ko...\"  data-wpil-monitor-id=\"110\">ANBERNIC RG40XXV Retro<\/a> Handheld-Spielekonsole<\/strong>. Ausgestattet mit einem gestochen scharfen <strong>4 Zoll IPS-Bildschirm<\/strong>, bietet dieses Ger\u00e4t brillante Farben und weite Betrachtungswinkel &#8211; ideal f\u00fcr stundenlange Gaming-Sessions, egal ob unterwegs oder zu Hause.<\/p>\n<ul>\n<li><strong>Retro-Feeling neu definiert:<\/strong> Tauchen Sie ein in eine Welt klassischer Spiele mit dem RGB-Joystick, der ein authentisches Arcade-Gef\u00fchl vermittelt und pr\u00e4zise Steuerung garantiert.<\/li>\n<li><strong>Multifunktionalit\u00e4t auf h\u00f6chstem Niveau:<\/strong> Diese Konsole ist nicht nur ein Gaming-Ger\u00e4t. Mit integrierter Video- und E-Book-Player-Funktion verwandelt sie sich in einen vielseitigen Unterhaltungsbegleiter f\u00fcr Filmabende und entspannte Lesestunden.<\/li>\n<li><strong>Moderne Connectivity:<\/strong> Dank <strong>WIFI-Streaming<\/strong> bleiben Sie immer verbunden und k\u00f6nnen Inhalte direkt auf Ihr Ger\u00e4t streamen. Mit dem <strong>HDMI-Ausgang<\/strong> lassen sich Spiele und Medien bequem auf einem gro\u00dfen Bildschirm wiedergeben, was f\u00fcr ein eindrucksvolles Erlebnis sorgt.<\/li>\n<li><strong>Komfort und Design:<\/strong> Das ergonomisch gestaltete Geh\u00e4use liegt gut in der Hand und erm\u00f6glicht langes Spielvergn\u00fcgen ohne Erm\u00fcdung.<\/li>\n<\/ul>\n<p>Die <a href=\"https:\/\/mygamebox.ch\/shop\/anbernic-rg28xx-handheld-spielekonsole\/\" title=\"ANBERNIC RG28XX Handheld Retro-Konsole &amp;...\"  data-wpil-monitor-id=\"112\">ANBERNIC<\/a> RG40XXV ist nicht nur eine Hommage an die goldene \u00c4ra der Videospiele &#8211; sie verbindet stilvolle Retro-Optik mit den Annehmlichkeiten der Gegenwart. Entdecken Sie eine neue Dimension des mobilen Entertainments und lassen Sie sich von der Benutzerfreundlichkeit, dem vielf\u00e4ltigen Funktionsumfang und der hochwertigen Verarbeitung begeistern.<\/p>\n<\/div>\n","protected":false},"excerpt":{"rendered":"<p>Le site <a href=\"https:\/\/mygamebox.ch\/fr\/shop\/anbernic-rg35xx-plus\/\" title=\"ANBERNIC RG35XX Plus Console portable r\u00e9tro ...\"  data-wpil-monitor-id=\"111\">ANBERNIC RG40XXV Retro<\/a> Handheld-Konsole besticht durch ihren brillanten 4&#187; IPS-Bildschirm und den pr\u00e4zisen RGB-Joystick, die ein authentisches Gaming-Erlebnis bieten. Mit integriertem Video- und E-Book-Player, WIFI-Streaming und HDMI-Ausgang verbindet sie klassische Spiele mit moderner Multimedia-Funktionalit\u00e4t. Ideal f\u00fcr Retro-Fans, die unterwegs in nostalgische <a title=\"Le monde nostalgique des jeux r\u00e9tro : ...\" href=\"https:\/\/mygamebox.ch\/fr\/die-nostalgische-welt-der-retro-spiele-eine-reise-in-die-vergangenheit\/\" data-wpil-monitor-id=\"109\">Welten<\/a> eintauchen und dank vielseitiger Anschlussm\u00f6glichkeiten auch auf gro\u00dfen Bildschirmen spielen m\u00f6chten.<\/p>","protected":false},"featured_media":5675,"comment_status":"open","ping_status":"closed","template":"","meta":{"iawp_total_views":333},"product_brand":[],"product_cat":[49],"product_tag":[752,748,755,759,288,757,760,509,433,448,753,687,514,754,758,756],"class_list":{"0":"post-5674","1":"product","2":"type-product","3":"status-publish","4":"has-post-thumbnail","6":"product_cat-retro-konsolen","7":"product_tag-4-zoll-ips-bildschirm","8":"product_tag-anbernic-rg40xxv","9":"product_tag-e-book-player","10":"product_tag-gaming-geraet","11":"product_tag-handheld-konsole","12":"product_tag-hdmi-ausgang","13":"product_tag-klassisches-spielen","14":"product_tag-portable-spielekonsole","15":"product_tag-retro-gaming","16":"product_tag-retro-handheld-spielekonsole","17":"product_tag-rgb-joystick","18":"product_tag-spielekonsole-mit-bildschirm","19":"product_tag-tragbare-spielekonsole","20":"product_tag-video-player","21":"product_tag-videospiele-konsole","22":"product_tag-wifi-streaming","24":"first","25":"instock","26":"shipping-taxable","27":"purchasable","28":"product-type-variable"},"_links":{"self":[{"href":"https:\/\/mygamebox.ch\/fr\/wp-json\/wp\/v2\/product\/5674","targetHints":{"allow":["GET"]}}],"collection":[{"href":"https:\/\/mygamebox.ch\/fr\/wp-json\/wp\/v2\/product"}],"about":[{"href":"https:\/\/mygamebox.ch\/fr\/wp-json\/wp\/v2\/types\/product"}],"replies":[{"embeddable":true,"href":"https:\/\/mygamebox.ch\/fr\/wp-json\/wp\/v2\/comments?post=5674"}],"wp:featuredmedia":[{"embeddable":true,"href":"https:\/\/mygamebox.ch\/fr\/wp-json\/wp\/v2\/media\/5675"}],"wp:attachment":[{"href":"https:\/\/mygamebox.ch\/fr\/wp-json\/wp\/v2\/media?parent=5674"}],"wp:term":[{"taxonomy":"product_brand","embeddable":true,"href":"https:\/\/mygamebox.ch\/fr\/wp-json\/wp\/v2\/product_brand?post=5674"},{"taxonomy":"product_cat","embeddable":true,"href":"https:\/\/mygamebox.ch\/fr\/wp-json\/wp\/v2\/product_cat?post=5674"},{"taxonomy":"product_tag","embeddable":true,"href":"https:\/\/mygamebox.ch\/fr\/wp-json\/wp\/v2\/product_tag?post=5674"}],"curies":[{"name":"wp","href":"https:\/\/api.w.org\/{rel}","templated":true}]}}