{"id":3127,"date":"2024-02-08T07:14:59","date_gmt":"2024-02-08T07:14:59","guid":{"rendered":"https:\/\/startersites.io\/elementor\/garderobe\/?page_id=3127"},"modified":"2025-05-15T20:59:59","modified_gmt":"2025-05-15T18:59:59","slug":"ueber-uns","status":"publish","type":"page","link":"https:\/\/mygamebox.ch\/it\/ueber-uns\/","title":{"rendered":"Chi siamo"},"content":{"rendered":"<div data-elementor-type=\"wp-page\" data-elementor-id=\"3127\" class=\"elementor elementor-3127\" data-elementor-post-type=\"page\">\n\t\t\t\t<div data-particle_enable=\"false\" data-particle-mobile-disabled=\"false\" class=\"elementor-element elementor-element-9afc2c3 e-flex e-con-boxed e-con e-parent\" data-id=\"9afc2c3\" data-element_type=\"container\" data-e-type=\"container\" data-settings=\"{&quot;background_background&quot;:&quot;classic&quot;}\">\n\t\t\t\t\t<div class=\"e-con-inner\">\n\t\t\t\t<div class=\"elementor-element elementor-element-84ec238 elementor-widget elementor-widget-shortcode\" data-id=\"84ec238\" data-element_type=\"widget\" data-e-type=\"widget\" data-widget_type=\"shortcode.default\">\n\t\t\t\t<div class=\"elementor-widget-container\">\n\t\t\t\t\t\t\t<div class=\"elementor-shortcode\"><\/div>\n\t\t\t\t\t\t<\/div>\n\t\t\t\t<\/div>\n\t\t\t\t<div class=\"elementor-element elementor-element-b2f674d elementor-widget__width-inherit elementor-widget elementor-widget-heading\" data-id=\"b2f674d\" data-element_type=\"widget\" data-e-type=\"widget\" data-widget_type=\"heading.default\">\n\t\t\t\t<div class=\"elementor-widget-container\">\n\t\t\t\t\t<h2 class=\"elementor-heading-title elementor-size-default\">Chi siamo<\/h2>\t\t\t\t<\/div>\n\t\t\t\t<\/div>\n\t\t\t\t<div class=\"elementor-element elementor-element-43e70c9 elementor-widget elementor-widget-text-editor\" data-id=\"43e70c9\" data-element_type=\"widget\" data-e-type=\"widget\" data-widget_type=\"text-editor.default\">\n\t\t\t\t<div class=\"elementor-widget-container\">\n\t\t\t\t\t\t\t\t\t<h3>La nostra missione \ud83c\udfae\ud83d\udd79\ufe0f<\/h3><p>Benvenuti a <strong>MyGameBox<\/strong> - La vostra destinazione perfetta per tutto ci\u00f2 che riguarda i giochi retr\u00f2! \ud83d\ude80<\/p><p>Stiamo riportando in auge i classici con una collezione accuratamente selezionata di console, gadget e articoli per giocatori nostalgici della vecchia scuola.<\/p><hr class=\"\" data-start=\"361\" data-end=\"364\" \/><h3 class=\"\" data-start=\"366\" data-end=\"411\">\ud83d\udd79\ufe0f Vivere l'epoca d'oro del gioco<\/h3><p class=\"\" data-start=\"412\" data-end=\"680\">Abbiamo <strong>MyGameBox<\/strong> fondata con una missione: <strong>Giochi retr\u00f2<\/strong> dovrebbe essere divertente, conveniente e accessibile in tutto il mondo.<br \/>Da <strong>Console plug-and-play<\/strong> agli emulatori portatili, acquistiamo prodotti di alta qualit\u00e0 da fornitori globali affidabili e li consegniamo direttamente a casa vostra \ud83c\udf0d.<\/p><hr class=\"\" data-start=\"682\" data-end=\"685\" \/><h3 class=\"\" data-start=\"687\" data-end=\"723\">\ud83c\udf81 Pi\u00f9 di una semplice console<\/h3><p class=\"\" data-start=\"724\" data-end=\"941\">La nostra collezione comprende:<br \/>\u2714\ufe0f Console classiche (NES, SNES, Sega, Game Boy)<br \/>\u2714\ufe0f Cartucce di gioco e schede SD<br \/>\u2714\ufe0f Controller Retro e accessori<br \/>\u2714\ufe0f Mini macchine arcade<br \/>\u2714\ufe0f Gamer merchandising, poster, portachiavi e altro ancora!<\/p><p class=\"\" data-start=\"943\" data-end=\"1072\">Se siete fan di <strong>Giochi retr\u00f2<\/strong> siete un collezionista, o se volete mostrare ai vostri figli la <strong>I classici<\/strong> abbiamo qualcosa di speciale per voi. \u2764\ufe0f<\/p><hr class=\"\" data-start=\"1074\" data-end=\"1077\" \/><h3 class=\"\" data-start=\"1079\" data-end=\"1115\">\ud83d\udd01 Giocare di nuovo. Sentire di nuovo.<\/h3><p class=\"\" data-start=\"1116\" data-end=\"1247\">Noi di <strong>MyGameBox<\/strong> credono che giocare non sia solo un hobby: \u00e8 un modo per rivivere i ricordi, condividere la gioia e rivivere la propria infanzia.<\/p><p class=\"\" data-start=\"1249\" data-end=\"1305\">Grazie per essere qui. Il <strong>Divertimento retr\u00f2<\/strong> pu\u00f2 iniziare! \ud83d\udd79\ufe0f\u2728<\/p>\t\t\t\t\t\t\t\t<\/div>\n\t\t\t\t<\/div>\n\t\t\t\t\t<\/div>\n\t\t\t\t<\/div>\n\t\t<div data-particle_enable=\"false\" data-particle-mobile-disabled=\"false\" class=\"elementor-element elementor-element-ee9d0db e-flex e-con-boxed e-con e-parent\" data-id=\"ee9d0db\" data-element_type=\"container\" data-e-type=\"container\">\n\t\t\t\t\t<div class=\"e-con-inner\">\n\t\t<div data-particle_enable=\"false\" data-particle-mobile-disabled=\"false\" class=\"elementor-element elementor-element-94b6618 e-flex e-con-boxed e-con e-child\" data-id=\"94b6618\" data-element_type=\"container\" data-e-type=\"container\" data-settings=\"{&quot;background_background&quot;:&quot;classic&quot;}\">\n\t\t\t\t\t<div class=\"e-con-inner\">\n\t\t\t\t<div class=\"elementor-element elementor-element-8578667 elementor-widget elementor-widget-heading\" data-id=\"8578667\" data-element_type=\"widget\" data-e-type=\"widget\" data-widget_type=\"heading.default\">\n\t\t\t\t<div class=\"elementor-widget-container\">\n\t\t\t\t\t<h2 class=\"elementor-heading-title elementor-size-default\">Aggiornamenti della newsletter<\/h2>\t\t\t\t<\/div>\n\t\t\t\t<\/div>\n\t\t\t\t<div class=\"elementor-element elementor-element-328ad42 elementor-widget elementor-widget-text-editor\" data-id=\"328ad42\" data-element_type=\"widget\" data-e-type=\"widget\" data-widget_type=\"text-editor.default\">\n\t\t\t\t<div class=\"elementor-widget-container\">\n\t\t\t\t\t\t\t\t\t<p>Abbonarsi alle e-mail su nuovi prodotti e offerte speciali<\/p>\t\t\t\t\t\t\t\t<\/div>\n\t\t\t\t<\/div>\n\t\t\t\t\t<\/div>\n\t\t\t\t<\/div>\n\t\t\t\t\t<\/div>\n\t\t\t\t<\/div>\n\t\t\t\t<\/div>","protected":false},"excerpt":{"rendered":"<p>\u00dcber uns Unser Auftrag \ud83c\udfae\ud83d\udd79\ufe0f Willkommen bei MyGameBox \u2013 Ihrem perfekten Ziel f\u00fcr alles rund um Retro-Spiele! \ud83d\ude80 Wir bringen die Klassiker zur\u00fcck mit einer sorgf\u00e4ltig ausgew\u00e4hlten Sammlung von Old-School-Konsolen, Gadgets und nostalgischem Gamer-Merchandise. \ud83d\udd79\ufe0f Erleben Sie die goldene \u00c4ra der Spiele Wir haben MyGameBox mit einer Mission gegr\u00fcndet: Retro-Gaming soll Spa\u00df machen, erschwinglich und [&hellip;]<\/p>\n","protected":false},"author":2,"featured_media":0,"parent":0,"menu_order":0,"comment_status":"closed","ping_status":"closed","template":"","meta":{"iawp_total_views":4010,"footnotes":""},"class_list":["post-3127","page","type-page","status-publish","hentry"],"blocksy_meta":{"has_hero_section":"disabled","vertical_spacing_source":"custom","content_area_spacing":"none","styles_descriptor":{"styles":{"desktop":"","tablet":"","mobile":""},"google_fonts":[],"version":6}},"_hostinger_reach_plugin_has_subscription_block":false,"_hostinger_reach_plugin_is_elementor":false,"_links":{"self":[{"href":"https:\/\/mygamebox.ch\/it\/wp-json\/wp\/v2\/pages\/3127","targetHints":{"allow":["GET"]}}],"collection":[{"href":"https:\/\/mygamebox.ch\/it\/wp-json\/wp\/v2\/pages"}],"about":[{"href":"https:\/\/mygamebox.ch\/it\/wp-json\/wp\/v2\/types\/page"}],"author":[{"embeddable":true,"href":"https:\/\/mygamebox.ch\/it\/wp-json\/wp\/v2\/users\/2"}],"replies":[{"embeddable":true,"href":"https:\/\/mygamebox.ch\/it\/wp-json\/wp\/v2\/comments?post=3127"}],"version-history":[{"count":25,"href":"https:\/\/mygamebox.ch\/it\/wp-json\/wp\/v2\/pages\/3127\/revisions"}],"predecessor-version":[{"id":4829,"href":"https:\/\/mygamebox.ch\/it\/wp-json\/wp\/v2\/pages\/3127\/revisions\/4829"}],"wp:attachment":[{"href":"https:\/\/mygamebox.ch\/it\/wp-json\/wp\/v2\/media?parent=3127"}],"curies":[{"name":"wp","href":"https:\/\/api.w.org\/{rel}","templated":true}]}}