{"id":527,"date":"2025-04-30T12:49:52","date_gmt":"2025-04-30T10:49:52","guid":{"rendered":"https:\/\/mygamebox.ch\/alidropshzip\/?page_id=527"},"modified":"2025-10-21T12:14:12","modified_gmt":"2025-10-21T10:14:12","slug":"restituzioni_rimborsi-2","status":"publish","type":"page","link":"https:\/\/mygamebox.ch\/it\/refund_returns-2\/","title":{"rendered":"Condizioni di restituzione"},"content":{"rendered":"<div data-elementor-type=\"wp-page\" data-elementor-id=\"527\" class=\"elementor elementor-527\" data-elementor-post-type=\"page\">\n\t\t\t\t<div data-particle_enable=\"false\" data-particle-mobile-disabled=\"false\" class=\"elementor-element elementor-element-3e17eab8 e-flex e-con-boxed e-con e-parent\" data-id=\"3e17eab8\" data-element_type=\"container\" data-e-type=\"container\">\n\t\t\t\t\t<div class=\"e-con-inner\">\n\t\t\t\t<div class=\"elementor-element elementor-element-50afd96a elementor-widget elementor-widget-text-editor\" data-id=\"50afd96a\" data-element_type=\"widget\" data-e-type=\"widget\" data-widget_type=\"text-editor.default\">\n\t\t\t\t<div class=\"elementor-widget-container\">\n\t\t\t\t\t\t\t\t\t\n<h2 class=\"wp-block-heading\">Panoramica<\/h2>\n\n<p>La nostra politica di rimborso e restituzione \u00e8 valida per 30 giorni. Se sono trascorsi 30 giorni dall'acquisto, non possiamo offrire un rimborso completo o una sostituzione.<\/p>\n\n<p>Per poter effettuare un reso, l'articolo deve essere inutilizzato e nelle stesse condizioni in cui \u00e8 stato ricevuto. Deve inoltre essere nella confezione originale.<\/p>\n\n<p>Alcuni tipi di merce sono esclusi dalla restituzione. I prodotti deperibili come alimenti, fiori, giornali o riviste non possono essere restituiti. Non accettiamo inoltre prodotti che siano articoli intimi o per l'igiene, merci pericolose o liquidi o gas infiammabili.<\/p>\n\n<p>Ulteriori articoli non restituibili:<\/p>\n\n<ul class=\"wp-block-list\">\n<li>Carte regalo<\/li>\n\n<li>Prodotti software scaricabili<\/li>\n\n<li>Alcuni articoli su salute e cura del corpo<\/li>\n<\/ul>\n\n<p>Per finalizzare il vostro reso, abbiamo bisogno di una ricevuta o di una prova d'acquisto.<\/p>\n\n<p>Non restituire l'acquisto al produttore.<\/p>\n\n<p>Ci sono alcune situazioni in cui vengono concessi solo rimborsi parziali:<\/p>\n\n<ul class=\"wp-block-list\">\n<li>Libro con evidenti segni d'uso<\/li>\n\n<li>CD, DVD, cassette VHS, software, videogiochi, cassette o dischi aperti.<\/li>\n\n<li>Qualsiasi articolo che non sia nelle sue condizioni originali, danneggiato o mancante di parti che non siano dovute a un nostro errore.<\/li>\n\n<li>Qualsiasi articolo restituito dopo pi\u00f9 di 30 giorni dalla consegna.<\/li>\n<\/ul>\n\n<h2 class=\"wp-block-heading\">Rimborsi<\/h2>\n\n<p>Una volta ricevuto e ispezionato il vostro reso, vi invieremo un'e-mail per informarvi che abbiamo ricevuto l'articolo restituito. Vi informeremo inoltre dell'approvazione o del rifiuto del vostro rimborso.<\/p>\n\n<p>Se il rimborso viene approvato, verr\u00e0 elaborato e un credito verr\u00e0 automaticamente applicato alla carta di credito o al metodo di pagamento originale entro un certo numero di giorni.<\/p>\n\n<h3 class=\"wp-block-heading\">Rimborsi ritardati o mancanti<\/h3>\n\n<p>Se non avete ancora ricevuto il rimborso, controllate prima il vostro conto bancario.<\/p>\n\n<p>Contattare quindi la societ\u00e0 che ha emesso la carta di credito. Potrebbe essere necessario un po' di tempo prima che il rimborso venga ufficialmente riconosciuto.<\/p>\n\n<p>Poi contattate la vostra banca. Spesso ci vuole un po' di tempo prima che il rimborso venga inviato.<\/p>\n\n<p>Se avete fatto tutto questo e non avete ancora ricevuto il rimborso, contattateci all'indirizzo support@mygamebox.ch.<\/p>\n\n<h3 class=\"wp-block-heading\">Articoli in vendita<\/h3>\n\n<p>Solo gli articoli al prezzo normale possono essere rimborsati. Gli articoli esauriti non possono essere rimborsati.<\/p>\n\n<h2 class=\"wp-block-heading\">Scambio<\/h2>\n\n<p>Sostituiamo gli articoli solo se sono difettosi o danneggiati. Se si desidera sostituire l'articolo, si prega di inviare un'e-mail a {indirizzo e-mail} e di spedire l'articolo a: Hauptstrasse 37, 4565 Recherswil Svizzera.<\/p>\n\n<h2 class=\"wp-block-heading\">Regali<\/h2>\n\n<p>Se l'articolo \u00e8 stato contrassegnato come regalo al momento dell'acquisto ed \u00e8 stato spedito direttamente a voi, riceverete un credito regalo pari al valore del vostro reso. Una volta ricevuto l'articolo restituito, vi verr\u00e0 inviato un buono regalo.<\/p>\n\n<p>Se l'articolo non \u00e8 stato etichettato come regalo al momento dell'acquisto o se il destinatario ha inviato l'ordine a se stesso per consegnarlo in seguito, invieremo un rimborso al destinatario e gli verr\u00e0 notificato il vostro reso.<\/p>\n\n<h2 class=\"wp-block-heading\">Restituzioni<\/h2>\n\n<p>Per restituire il prodotto, inviarlo a: Hauptstrasse 37, 4565 Recherswil Svizzera.<\/p>\n\n<p>Le spese di spedizione per la restituzione dell'articolo sono a carico del cliente. Le spese di spedizione non sono rimborsabili. Se si riceve un rimborso, il costo della restituzione verr\u00e0 detratto dal rimborso.<\/p>\n\n<p>A seconda del luogo di residenza, l'arrivo del prodotto sostituito potrebbe richiedere tempi diversi.<\/p>\n\n<p>Se si restituiscono articoli pi\u00f9 costosi, \u00e8 consigliabile utilizzare un servizio di spedizione tracciabile o stipulare un'assicurazione sulla spedizione. Non garantiamo di ricevere l'articolo restituito.<\/p>\n\n<h2 class=\"wp-block-heading\">Hai bisogno di aiuto?<\/h2>\n\n<p>Per domande su rimborsi e restituzioni, contattare support@mygamebox.ch.<\/p>\n\t\t\t\t\t\t\t\t<\/div>\n\t\t\t\t<\/div>\n\t\t\t\t\t<\/div>\n\t\t\t\t<\/div>\n\t\t\t\t<\/div>","protected":false},"excerpt":{"rendered":"<p>\u00dcbersicht Unsere Erstattungs- und R\u00fcckgabebestimmungen gelten f\u00fcr 30 Tage. Wenn 30 Tage seit Ihrem Kauf vergangen sind, k\u00f6nnen wir Ihnen keine volle R\u00fcckerstattung oder Umtausch anbieten. Um f\u00fcr eine R\u00fcckgabe in Frage zu kommen, muss Ihr Artikel unbenutzt sein und sich in demselben Zustand befinden, in dem Sie ihn erhalten haben. Au\u00dferdem muss er in [&hellip;]<\/p>\n","protected":false},"author":2,"featured_media":0,"parent":0,"menu_order":0,"comment_status":"closed","ping_status":"closed","template":"","meta":{"iawp_total_views":8783,"footnotes":""},"class_list":["post-527","page","type-page","status-publish","hentry"],"blocksy_meta":[],"_hostinger_reach_plugin_has_subscription_block":false,"_hostinger_reach_plugin_is_elementor":false,"_links":{"self":[{"href":"https:\/\/mygamebox.ch\/it\/wp-json\/wp\/v2\/pages\/527","targetHints":{"allow":["GET"]}}],"collection":[{"href":"https:\/\/mygamebox.ch\/it\/wp-json\/wp\/v2\/pages"}],"about":[{"href":"https:\/\/mygamebox.ch\/it\/wp-json\/wp\/v2\/types\/page"}],"author":[{"embeddable":true,"href":"https:\/\/mygamebox.ch\/it\/wp-json\/wp\/v2\/users\/2"}],"replies":[{"embeddable":true,"href":"https:\/\/mygamebox.ch\/it\/wp-json\/wp\/v2\/comments?post=527"}],"version-history":[{"count":7,"href":"https:\/\/mygamebox.ch\/it\/wp-json\/wp\/v2\/pages\/527\/revisions"}],"predecessor-version":[{"id":22026,"href":"https:\/\/mygamebox.ch\/it\/wp-json\/wp\/v2\/pages\/527\/revisions\/22026"}],"wp:attachment":[{"href":"https:\/\/mygamebox.ch\/it\/wp-json\/wp\/v2\/media?parent=527"}],"curies":[{"name":"wp","href":"https:\/\/api.w.org\/{rel}","templated":true}]}}