{"id":22262,"date":"2025-11-27T15:01:17","date_gmt":"2025-11-27T14:01:17","guid":{"rendered":"https:\/\/mygamebox.ch\/shop\/marvel-spider-man-bluetooth-eagles-over-ear-gaming-headset-faltbare-drahtlose-kopfhoerer-mit-excellenter-geraeuschunterdrueckung\/"},"modified":"2026-04-13T11:26:46","modified_gmt":"2026-04-13T09:26:46","slug":"marvel-spider-man-bluetooth-eagles-over-ear-gaming-headset-pieghevole-cuffie-wireless-con-eccellente-cancellazione-del-rumore","status":"publish","type":"product","link":"https:\/\/mygamebox.ch\/it\/shop\/marvel-spider-man-bluetooth-eagles-over-ear-gaming-headset-faltbare-drahtlose-kopfhoerer-mit-excellenter-geraeuschunterdrueckung\/","title":{"rendered":"Marvel Spider Man Aquile Bluetooth sopra ..."},"content":{"rendered":"<h2>Qualit\u00e0 audio premium per i fan della Marvel<\/h2>\n<p>Le cuffie wireless pieghevoli Bluetooth Marvel Spider Man offrono una straordinaria combinazione di stile e funzionalit\u00e0. Con un design esclusivo ispirato all'Uomo Ragno, queste cuffie sono ideali per gli appassionati di Marvel che vogliono godere di un suono di qualit\u00e0 superiore. Investite nel vostro piacere di ascolto e sperimentate una qualit\u00e0 audio dettagliata con ogni brano o comunicazione vocale.<\/p>\n<h2>Design pieghevole per una maggiore maneggevolezza<\/h2>\n<p>Grazie al design leggero e pieghevole, queste cuffie sono facili da trasportare e da riporre e sono ideali per i viaggi. Che siate pendolari, in viaggio o semplicemente in relax, le cuffie Marvel offrono il massimo del comfort e della flessibilit\u00e0. Si adattano perfettamente al vostro stile di vita moderno e sono facili da usare.<\/p>\n<h2>Cancellazione efficace del rumore e libert\u00e0 wireless<\/h2>\n<p>La tecnologia di cancellazione del rumore di prima classe assicura che possiate ascoltare la vostra musica preferita o i podcast senza disturbare i rumori esterni. Grazie alla connessione Bluetooth wireless, non dovrete preoccuparvi di cavi aggrovigliati e potrete muovervi liberamente. Grazie alla lunga durata della batteria, potrete utilizzare le cuffie per ore senza dovervi preoccupare di ricaricarle frequentemente.<\/p>\n<p>Sia che si tratti di lavorare, studiare o rilassarsi, il Marvel Spider Man <a href=\"https:\/\/mygamebox.ch\/it\/shop\/bluetooth-kopfhoerer-stereo-headset-mit-eingebautem-mikrofon-fuer-android-und-ios\/\" title=\"Cuffie stereo Bluetooth con ...\"  data-wpil-monitor-id=\"350\">Cuffie wireless pieghevoli Bluetooth<\/a> garantiscono un'esperienza audio impressionante con una combinazione unica di funzionalit\u00e0 e look elegante. Acquistate oggi stesso le vostre cuffie e immergetevi nel vostro mondo sonoro!<\/p>","protected":false},"excerpt":{"rendered":"<p>Premium Audioqualit\u00e4t f\u00fcr Marvel-Fans Die Marvel Spider Man Bluetooth Faltbare Drahtlose Kopfh\u00f6rer bieten eine au\u00dferordentliche Kombination aus Stil und Funktionalit\u00e4t. Mit einem exklusiven Design, das von Spider-Man inspiriert ist, sind diese Kopfh\u00f6rer ideal f\u00fcr Marvel-Enthusiasten, die erstklassigen Klang genie\u00dfen m\u00f6chten. Investieren Sie in Ihren H\u00f6rgenuss und erleben Sie detaillierte Audioqualit\u00e4t bei jeder Melodie oder Sprachkommunikation. [&hellip;]<\/p>\n","protected":false},"featured_media":22263,"comment_status":"open","ping_status":"closed","template":"","meta":{"iawp_total_views":3106},"product_brand":[279,285,286,282,283,910],"product_cat":[50],"product_tag":[445,1323,1398,1400,1399,1397],"class_list":{"0":"post-22262","1":"product","2":"type-product","3":"status-publish","4":"has-post-thumbnail","6":"product_brand-xbox","7":"product_brand-android","8":"product_brand-apple","9":"product_brand-linux","10":"product_brand-microsoft","11":"product_brand-sony","12":"product_cat-retro-zubehor","13":"product_tag-bluetooth","14":"product_tag-bluetooth-kopfhoerer","15":"product_tag-gaming-headset","16":"product_tag-marvel","17":"product_tag-spider-man","18":"product_tag-spider-man-gaming-headset","20":"first","21":"instock","22":"shipping-taxable","23":"purchasable","24":"product-type-variable"},"_links":{"self":[{"href":"https:\/\/mygamebox.ch\/it\/wp-json\/wp\/v2\/product\/22262","targetHints":{"allow":["GET"]}}],"collection":[{"href":"https:\/\/mygamebox.ch\/it\/wp-json\/wp\/v2\/product"}],"about":[{"href":"https:\/\/mygamebox.ch\/it\/wp-json\/wp\/v2\/types\/product"}],"replies":[{"embeddable":true,"href":"https:\/\/mygamebox.ch\/it\/wp-json\/wp\/v2\/comments?post=22262"}],"wp:featuredmedia":[{"embeddable":true,"href":"https:\/\/mygamebox.ch\/it\/wp-json\/wp\/v2\/media\/22263"}],"wp:attachment":[{"href":"https:\/\/mygamebox.ch\/it\/wp-json\/wp\/v2\/media?parent=22262"}],"wp:term":[{"taxonomy":"product_brand","embeddable":true,"href":"https:\/\/mygamebox.ch\/it\/wp-json\/wp\/v2\/product_brand?post=22262"},{"taxonomy":"product_cat","embeddable":true,"href":"https:\/\/mygamebox.ch\/it\/wp-json\/wp\/v2\/product_cat?post=22262"},{"taxonomy":"product_tag","embeddable":true,"href":"https:\/\/mygamebox.ch\/it\/wp-json\/wp\/v2\/product_tag?post=22262"}],"curies":[{"name":"wp","href":"https:\/\/api.w.org\/{rel}","templated":true}]}}