{"id":24282,"date":"2026-05-13T14:06:40","date_gmt":"2026-05-13T12:06:40","guid":{"rendered":"https:\/\/mygamebox.ch\/shop\/bitfunx-ersatzgehaeuse-transparente-schutzhuelle-fuer-nes-nintendo-entertainment-system-konsole\/"},"modified":"2026-05-13T14:10:34","modified_gmt":"2026-05-13T12:10:34","slug":"bitfunx-ersatzgehaeuse-fuer-nes-nintendo","status":"publish","type":"product","link":"https:\/\/mygamebox.ch\/it\/shop\/bitfunx-ersatzgehaeuse-fuer-nes-nintendo\/","title":{"rendered":"Bitfunx alloggiamento di ricambio Trasparente sho..."},"content":{"rendered":"<h2>Proteggete la vostra console NES con stile<\/h2>\n<p>Il <strong>Custodia di ricambio Bitfunx Coperchio protettivo trasparente<\/strong> \u00e8 la soluzione perfetta per proteggere la console Nintendo Entertainment System (NES) da polvere, graffi e usura, senza compromettere l'estetica. Questa copertura trasparente non solo preserva l'aspetto classico della vostra console di gioco retr\u00f2, ma le conferisce anche un tocco moderno ed elegante.<\/p>\n<h2>Vestibilit\u00e0 perfetta e lavorazione di alta qualit\u00e0<\/h2>\n<p>Questa custodia di ricambio \u00e8 stata sviluppata appositamente per la console NES e garantisce una perfetta vestibilit\u00e0. Il design preciso consente una facile installazione, per proteggere la console in modo semplice e veloce. La struttura in plastica di alta qualit\u00e0 \u00e8 resistente e garantisce una protezione per molti anni a venire.<\/p>\n<h2>Eleganza trasparente per gli amanti del retr\u00f2<\/h2>\n<p>La finitura trasparente permette al look iconico della vostra console NES di risplendere appieno. Che si tratti di un collezionista o di un giocatore appassionato, la custodia sostitutiva Bitfunx garantisce che la vostra console rimanga aggiornata sia dal punto di vista funzionale che estetico. \u00c8 la scelta ideale per conservare ed esporre in modo sicuro la vostra preziosa tecnologia retr\u00f2.<\/p>\n<h2>Perch\u00e9 scegliere Bitfunx?<\/h2>\n<p>Bitfunx \u00e8 un marchio affidabile di accessori per giochi retro dedicati alla qualit\u00e0 e all'affidabilit\u00e0. Con questa custodia di ricambio, prenderete una decisione intelligente per massimizzare il valore e la longevit\u00e0 della vostra console NES. Ordinate oggi stesso e date alla vostra console la protezione che merita!<\/p>","protected":false},"excerpt":{"rendered":"<p>Sch\u00fctzen Sie Ihre NES-Konsole mit Stil Das Bitfunx Ersatzgeh\u00e4use Transparente Schutzh\u00fclle ist die perfekte L\u00f6sung, um Ihre Nintendo Entertainment System (NES) Konsole vor Staub, Kratzern und Verschlei\u00df zu sch\u00fctzen \u2013 ohne auf \u00c4sthetik zu verzichten. Diese transparente H\u00fclle bewahrt nicht nur die klassische Optik Ihrer Retro-Gaming-Konsole, sondern verleiht ihr auch eine moderne und elegante Note. [&hellip;]<\/p>\n","protected":false},"featured_media":24283,"comment_status":"open","ping_status":"closed","template":"","meta":{"iawp_total_views":48},"product_brand":[1990],"product_cat":[52,50],"product_tag":[300,1986,1985,319,1984,1858],"class_list":{"0":"post-24282","1":"product","2":"type-product","3":"status-publish","4":"has-post-thumbnail","6":"product_brand-bitfunx","7":"product_cat-gadgets-tech","8":"product_cat-retro-zubehor","9":"product_tag-bitfunx","10":"product_tag-ersatzgehaeuse","11":"product_tag-nes-nintendo-entertainment-system-konsole","12":"product_tag-nintendo","13":"product_tag-schutzhuelle-fuer-nes-nintendo","14":"product_tag-transparent","16":"first","17":"instock","18":"shipping-taxable","19":"purchasable","20":"product-type-variable"},"_links":{"self":[{"href":"https:\/\/mygamebox.ch\/it\/wp-json\/wp\/v2\/product\/24282","targetHints":{"allow":["GET"]}}],"collection":[{"href":"https:\/\/mygamebox.ch\/it\/wp-json\/wp\/v2\/product"}],"about":[{"href":"https:\/\/mygamebox.ch\/it\/wp-json\/wp\/v2\/types\/product"}],"replies":[{"embeddable":true,"href":"https:\/\/mygamebox.ch\/it\/wp-json\/wp\/v2\/comments?post=24282"}],"wp:featuredmedia":[{"embeddable":true,"href":"https:\/\/mygamebox.ch\/it\/wp-json\/wp\/v2\/media\/24283"}],"wp:attachment":[{"href":"https:\/\/mygamebox.ch\/it\/wp-json\/wp\/v2\/media?parent=24282"}],"wp:term":[{"taxonomy":"product_brand","embeddable":true,"href":"https:\/\/mygamebox.ch\/it\/wp-json\/wp\/v2\/product_brand?post=24282"},{"taxonomy":"product_cat","embeddable":true,"href":"https:\/\/mygamebox.ch\/it\/wp-json\/wp\/v2\/product_cat?post=24282"},{"taxonomy":"product_tag","embeddable":true,"href":"https:\/\/mygamebox.ch\/it\/wp-json\/wp\/v2\/product_tag?post=24282"}],"curies":[{"name":"wp","href":"https:\/\/api.w.org\/{rel}","templated":true}]}}