{"id":8413,"date":"2025-06-13T23:01:44","date_gmt":"2025-06-13T21:01:44","guid":{"rendered":"https:\/\/mygamebox.ch\/shop\/schutzhuelle-halterung-und-game-controller-kunststoff-handgriff-kompatibel-mit-nintendo-3ds-xl-ll\/"},"modified":"2026-04-13T11:22:32","modified_gmt":"2026-04-13T09:22:32","slug":"impugnatura-in-plastica-compatibile-con-nintendo-3ds-xl-ll","status":"publish","type":"product","link":"https:\/\/mygamebox.ch\/it\/shop\/kunststoff-handgriff-kompatibel-mit-nintendo-3ds-xl-ll\/","title":{"rendered":"Schutzh\u00fclle Halterung und Game Controll..."},"content":{"rendered":"<h2>Proteggi il tuo Nintendo 3DS XL LL<\/h2>\n<p>Rendete la vostra esperienza di gioco ancora migliore con la nostra cover protettiva di alta qualit\u00e0 e robustezza per Nintendo 3DS XL LL! Questa cover protettiva \u00e8 stata sviluppata appositamente per i giocatori che apprezzano sia la funzionalit\u00e0 che la protezione. Sia che giochiate a casa o in viaggio, il vostro dispositivo sar\u00e0 protetto in modo ottimale.<\/p>\n<h2>Materiali di alta qualit\u00e0 per una protezione di lunga durata<\/h2>\n<p>Realizzata in plastica resistente, la nostra cover protettiva offre una protezione affidabile contro graffi e urti. L'innovativa impugnatura non solo migliora la presa, ma offre anche una comoda maneggevolezza durante le lunghe sessioni di gioco. Dite addio alla preoccupazione di danneggiare il vostro dispositivo: con questa cover protettiva potrete giocare in tutta tranquillit\u00e0!<\/p>\n<h2>Facile accesso a tutte le funzioni<\/h2>\n<p>La nostra copertura protettiva \u00e8 progettata in modo da poter essere completamente <a href=\"https:\/\/mygamebox.ch\/it\/product-tag\/kompatibel-mit-nintendo\/\" title=\"Compatibile con Nintendo\"  data-wpil-monitor-id=\"204\">compatibile con la console Nintendo<\/a> 3DS XL LL \u00e8. Tutti i pulsanti e le connessioni rimangono facilmente accessibili, in modo da poter utilizzare tutte le funzioni del dispositivo senza alcuna restrizione. Grazie a questo accessorio, potrete quindi utilizzare in modo flessibile e pratico <a title=\"Accessorio indispensabile per Nintendo Switch ...\" href=\"https:\/\/mygamebox.ch\/it\/must-have-zubehoer-fuer-nintendo-switch-spieler\/\" data-wpil-monitor-id=\"203\">gioco<\/a>, senza dover rimuovere continuamente il coperchio.<\/p>\n<p>Date un'occhiata alla nostra robusta cover protettiva e godetevi sicurezza e comfort in un unico prodotto! Fate del vostro Nintendo 3DS XL LL il compagno ideale per tutte le vostre avventure di gioco.<\/p>","protected":false},"excerpt":{"rendered":"<p>Sch\u00fctzen Sie Ihr Nintendo 3DS XL LL Gestalten Sie Ihr Spielerlebnis noch besser mit unserer hochwertigen, robusten Schutzh\u00fclle f\u00fcr den Nintendo 3DS XL LL! Diese Schutzh\u00fclle wurde speziell f\u00fcr Gamer entwickelt, die sowohl Funktionalit\u00e4t als auch Schutz sch\u00e4tzen. Egal, ob Sie zu Hause spielen oder unterwegs sind, Ihr Ger\u00e4t wird optimal gesch\u00fctzt. Hochwertige Materialien f\u00fcr [&hellip;]<\/p>\n","protected":false},"featured_media":8414,"comment_status":"open","ping_status":"closed","template":"","meta":{"iawp_total_views":148},"product_brand":[],"product_cat":[52,50],"product_tag":[1078,1079,1080,332,1084,1082,1083,319,1085,911,511,1015,1081],"class_list":{"0":"post-8413","1":"product","2":"type-product","3":"status-publish","4":"has-post-thumbnail","6":"product_cat-gadgets-tech","7":"product_cat-retro-zubehor","8":"product_tag-3ds-ll","9":"product_tag-3ds-xl","10":"product_tag-3ds-xl-ll","11":"product_tag-game-controller","12":"product_tag-halterung-und-game-controller","13":"product_tag-kompatibel-mit-nintendo","14":"product_tag-kunststoff-handgriff","15":"product_tag-nintendo","16":"product_tag-nintendo-3ds-xl-ll","17":"product_tag-nintendo-ds","18":"product_tag-nintendo-handheld","19":"product_tag-schutzhuelle","20":"product_tag-schutzhuelle-halterung","22":"first","23":"instock","24":"shipping-taxable","25":"purchasable","26":"product-type-simple"},"_links":{"self":[{"href":"https:\/\/mygamebox.ch\/it\/wp-json\/wp\/v2\/product\/8413","targetHints":{"allow":["GET"]}}],"collection":[{"href":"https:\/\/mygamebox.ch\/it\/wp-json\/wp\/v2\/product"}],"about":[{"href":"https:\/\/mygamebox.ch\/it\/wp-json\/wp\/v2\/types\/product"}],"replies":[{"embeddable":true,"href":"https:\/\/mygamebox.ch\/it\/wp-json\/wp\/v2\/comments?post=8413"}],"wp:featuredmedia":[{"embeddable":true,"href":"https:\/\/mygamebox.ch\/it\/wp-json\/wp\/v2\/media\/8414"}],"wp:attachment":[{"href":"https:\/\/mygamebox.ch\/it\/wp-json\/wp\/v2\/media?parent=8413"}],"wp:term":[{"taxonomy":"product_brand","embeddable":true,"href":"https:\/\/mygamebox.ch\/it\/wp-json\/wp\/v2\/product_brand?post=8413"},{"taxonomy":"product_cat","embeddable":true,"href":"https:\/\/mygamebox.ch\/it\/wp-json\/wp\/v2\/product_cat?post=8413"},{"taxonomy":"product_tag","embeddable":true,"href":"https:\/\/mygamebox.ch\/it\/wp-json\/wp\/v2\/product_tag?post=8413"}],"curies":[{"name":"wp","href":"https:\/\/api.w.org\/{rel}","templated":true}]}}